{"id":19013,"date":"2019-01-30T12:53:24","date_gmt":"2019-01-30T17:53:24","guid":{"rendered":"https:\/\/ges-agm.com\/sustentabilidade\/"},"modified":"2020-10-21T15:59:27","modified_gmt":"2020-10-21T19:59:27","slug":"foco-na-sustentabilidade","status":"publish","type":"page","link":"https:\/\/ges-agm.com\/pt-br\/foco-na-sustentabilidade\/","title":{"rendered":"Foco na Sustentabilidade"},"content":{"rendered":"<div class=\"fusion-fullwidth fullwidth-box fusion-builder-row-1 nonhundred-percent-fullwidth non-hundred-percent-height-scrolling\" style=\"--awb-border-radius-top-left:0px;--awb-border-radius-top-right:0px;--awb-border-radius-bottom-right:0px;--awb-border-radius-bottom-left:0px;--awb-flex-wrap:wrap;\" ><div class=\"fusion-builder-row fusion-row\"><div class=\"fusion-layout-column fusion_builder_column fusion-builder-column-0 fusion_builder_column_1_1 1_1 fusion-one-full fusion-column-first fusion-column-last\" style=\"--awb-bg-size:cover;\"><div class=\"fusion-column-wrapper fusion-flex-column-wrapper-legacy\"><div class=\"fusion-title title fusion-title-1 fusion-sep-none fusion-title-text fusion-title-size-one\" style=\"--awb-margin-top-small:0px;--awb-margin-bottom-small:20px;\"><h1 class=\"fusion-title-heading title-heading-left fusion-responsive-typography-calculated\" style=\"margin:0;--fontSize:30;line-height:1.1;\">Foco na Sustentabilidade<\/h1><\/div><div class=\"fusion-content-boxes content-boxes columns row fusion-columns-3 fusion-columns-total-5 fusion-content-boxes-1 content-boxes-icon-with-title content-left\" style=\"--awb-title-color:#323643;--awb-hover-accent-color:#323643;--awb-circle-hover-accent-color:transparent;\" data-animationOffset=\"top-into-view\"><div style=\"--awb-backgroundcolor:rgba(255,255,255,0);\" class=\"fusion-column content-box-column content-box-column content-box-column-1 col-lg-4 col-md-4 col-sm-4 fusion-content-box-hover content-box-column-first-in-row\"><div class=\"col content-box-wrapper content-wrapper link-area-link-icon icon-hover-animation-none\" data-animationOffset=\"top-into-view\"><div class=\"heading heading-with-icon icon-left\"><div class=\"icon\"><i style=\"border-color:#07914f;border-width:1px;background-color:rgba(51,51,51,0);box-sizing:content-box;height:44px;width:44px;line-height:44px;border-radius:50%;font-size:22px;\" aria-hidden=\"true\" class=\"fontawesome-icon fa-recycle fas circle-yes\"><\/i><\/div><h3 class=\"content-box-heading fusion-responsive-typography-calculated\" style=\"--h3_typography-font-size:20px;--fontSize:20;line-height:1.3;\">Seguran\u00e7a<\/h3><\/div><div class=\"fusion-clearfix\"><\/div><div class=\"content-container\">\n<p>A GES-AGM exerce todos os procedimentos de seguran\u00e7a pertinentes e segue todas as diretrizes regulat\u00f3rias para garantir o bem-estar de nossos funcion\u00e1rios e manter nossa capacidade de fornecer servi\u00e7os consistentes aos nossos clientes. Temos excelentes registros de seguran\u00e7a apoiados por equipes de seguran\u00e7a ativas em nossas instala\u00e7\u00f5es.   <\/p>\n<\/div><\/div><\/div><div style=\"--awb-backgroundcolor:rgba(255,255,255,0);\" class=\"fusion-column content-box-column content-box-column content-box-column-2 col-lg-4 col-md-4 col-sm-4 fusion-content-box-hover \"><div class=\"col content-box-wrapper content-wrapper link-area-link-icon icon-hover-animation-none\" data-animationOffset=\"top-into-view\"><div class=\"heading heading-with-icon icon-left\"><div class=\"icon\"><i style=\"border-color:#07914f;border-width:1px;background-color:rgba(51,51,51,0);box-sizing:content-box;height:44px;width:44px;line-height:44px;border-radius:50%;font-size:22px;\" aria-hidden=\"true\" class=\"fontawesome-icon fa-recycle fas circle-yes\"><\/i><\/div><h3 class=\"content-box-heading fusion-responsive-typography-calculated\" style=\"--h3_typography-font-size:20px;--fontSize:20;line-height:1.3;\">Meio-ambiente<\/h3><\/div><div class=\"fusion-clearfix\"><\/div><div class=\"content-container\">\n<p>A GES-AGM se esfor\u00e7a para minimizar a pegada de nossa empresa nos ambientes onde operamos por meio do respeito \u00e0s comunidades locais, da reciclagem ativa de produtos e res\u00edduos e do uso de pr\u00e1ticas inteligentes de embalagem.<\/p>\n<\/div><\/div><\/div><div style=\"--awb-backgroundcolor:rgba(255,255,255,0);\" class=\"fusion-column content-box-column content-box-column content-box-column-3 col-lg-4 col-md-4 col-sm-4 fusion-content-box-hover content-box-column-last-in-row\"><div class=\"col content-box-wrapper content-wrapper link-area-link-icon icon-hover-animation-none\" data-animationOffset=\"top-into-view\"><div class=\"heading heading-with-icon icon-left\"><div class=\"icon\"><i style=\"border-color:#07914f;border-width:1px;background-color:rgba(51,51,51,0);box-sizing:content-box;height:44px;width:44px;line-height:44px;border-radius:50%;font-size:22px;\" aria-hidden=\"true\" class=\"fontawesome-icon fa-recycle fas circle-yes\"><\/i><\/div><h3 class=\"content-box-heading fusion-responsive-typography-calculated\" style=\"--h3_typography-font-size:20px;--fontSize:20;line-height:1.3;\">Sa\u00fade<\/h3><\/div><div class=\"fusion-clearfix\"><\/div><div class=\"content-container\">\n<p>Trabalhando com nossas equipes de seguran\u00e7a e outros funcion\u00e1rios que representam todos os departamentos, a GES-AGM se esfor\u00e7a para melhorar a sa\u00fade e o bem-estar de todos os nossos funcion\u00e1rios em cada local. <\/p>\n<\/div><\/div><\/div><div style=\"--awb-backgroundcolor:rgba(255,255,255,0);\" class=\"fusion-column content-box-column content-box-column content-box-column-4 col-lg-4 col-md-4 col-sm-4 fusion-content-box-hover content-box-column-first-in-row\"><div class=\"col content-box-wrapper content-wrapper link-area-link-icon icon-hover-animation-none\" data-animationOffset=\"top-into-view\"><div class=\"heading heading-with-icon icon-left\"><div class=\"icon\"><i style=\"border-color:#07914f;border-width:1px;background-color:rgba(51,51,51,0);box-sizing:content-box;height:44px;width:44px;line-height:44px;border-radius:50%;font-size:22px;\" aria-hidden=\"true\" class=\"fontawesome-icon fa-recycle fas circle-yes\"><\/i><\/div><h3 class=\"content-box-heading fusion-responsive-typography-calculated\" style=\"--h3_typography-font-size:20px;--fontSize:20;line-height:1.3;\">Reciclagem de Produto<\/h3><\/div><div class=\"fusion-clearfix\"><\/div><div class=\"content-container\">\n<p>A GES-AGM \u00e9 uma importante recicladora de sucata e subprodutos de carbono e grafite. Compramos todos os tipos de materiais de carbono e grafite de sider\u00fargicas, fundi\u00e7\u00f5es e outras f\u00e1bricas. Separamos seletivamente todos os materiais e, em seguida, os reprocessamos em nossas instala\u00e7\u00f5es internas em Parma, OH. Se sua empresa possui produtos residuais de carbono e grafite, em vez de enviar para um aterro, consulte a guia \u201cSolicita\u00e7\u00e3o de or\u00e7amento\u201d para remo\u00e7\u00e3o de seu local. <\/p>\n<\/div><\/div><\/div><div style=\"--awb-backgroundcolor:rgba(255,255,255,0);\" class=\"fusion-column content-box-column content-box-column content-box-column-5 col-lg-4 col-md-4 col-sm-4 fusion-content-box-hover content-box-column-last\"><div class=\"col content-box-wrapper content-wrapper link-area-link-icon icon-hover-animation-none\" data-animationOffset=\"top-into-view\"><div class=\"heading heading-with-icon icon-left\"><div class=\"icon\"><i style=\"border-color:#07914f;border-width:1px;background-color:rgba(51,51,51,0);box-sizing:content-box;height:44px;width:44px;line-height:44px;border-radius:50%;font-size:22px;\" aria-hidden=\"true\" class=\"fontawesome-icon fa-recycle fas circle-yes\"><\/i><\/div><h3 class=\"content-box-heading fusion-responsive-typography-calculated\" style=\"--h3_typography-font-size:20px;--fontSize:20;line-height:1.3;\">Embalagem<\/h3><\/div><div class=\"fusion-clearfix\"><\/div><div class=\"content-container\">\n<p>A GES-AGM continua comprometida em minimizar o desperd\u00edcio reutilizando materiais de embalagem, usando embalagens recicl\u00e1veis ou biodegrad\u00e1veis sempre que poss\u00edvel e reduzindo nossa pegada de carbono em todas as oportunidades<\/p>\n<\/div><\/div><\/div><div class=\"fusion-clearfix\"><\/div><\/div><div class=\"fusion-clearfix\"><\/div><\/div><\/div><\/div><\/div>\n","protected":false},"excerpt":{"rendered":"","protected":false},"author":10,"featured_media":0,"parent":0,"menu_order":0,"comment_status":"closed","ping_status":"closed","template":"","meta":{"footnotes":""},"class_list":["post-19013","page","type-page","status-publish","hentry"],"yoast_head":"<!-- This site is optimized with the Yoast SEO plugin v27.3 - https:\/\/yoast.com\/product\/yoast-seo-wordpress\/ -->\n<title>Foco na Sustentabilidade - GES AGM<\/title>\n<meta name=\"robots\" content=\"index, follow, max-snippet:-1, max-image-preview:large, max-video-preview:-1\" \/>\n<link rel=\"canonical\" href=\"https:\/\/ges-agm.com\/foco-na-sustentabilidade\/\" \/>\n<meta property=\"og:locale\" content=\"en_US\" \/>\n<meta property=\"og:type\" content=\"article\" \/>\n<meta property=\"og:title\" content=\"Foco na Sustentabilidade - GES AGM\" \/>\n<meta property=\"og:url\" content=\"https:\/\/ges-agm.com\/pt-br\/foco-na-sustentabilidade\/\" \/>\n<meta property=\"og:site_name\" content=\"GES AGM\" \/>\n<meta property=\"article:modified_time\" content=\"2020-10-21T19:59:27+00:00\" \/>\n<meta name=\"twitter:card\" content=\"summary_large_image\" \/>\n<meta name=\"twitter:label1\" content=\"Est. reading time\" \/>\n\t<meta name=\"twitter:data1\" content=\"4 minutes\" \/>\n<script type=\"application\/ld+json\" class=\"yoast-schema-graph\">{\"@context\":\"https:\\\/\\\/schema.org\",\"@graph\":[{\"@type\":\"WebPage\",\"@id\":\"https:\\\/\\\/ges-agm.com\\\/pt-br\\\/foco-na-sustentabilidade\\\/\",\"url\":\"https:\\\/\\\/ges-agm.com\\\/pt-br\\\/foco-na-sustentabilidade\\\/\",\"name\":\"Foco na Sustentabilidade - GES AGM\",\"isPartOf\":{\"@id\":\"https:\\\/\\\/ges-agm.com\\\/#website\"},\"datePublished\":\"2019-01-30T17:53:24+00:00\",\"dateModified\":\"2020-10-21T19:59:27+00:00\",\"breadcrumb\":{\"@id\":\"https:\\\/\\\/ges-agm.com\\\/pt-br\\\/foco-na-sustentabilidade\\\/#breadcrumb\"},\"inLanguage\":\"en-US\",\"potentialAction\":[{\"@type\":\"ReadAction\",\"target\":[\"https:\\\/\\\/ges-agm.com\\\/pt-br\\\/foco-na-sustentabilidade\\\/\"]}]},{\"@type\":\"BreadcrumbList\",\"@id\":\"https:\\\/\\\/ges-agm.com\\\/pt-br\\\/foco-na-sustentabilidade\\\/#breadcrumb\",\"itemListElement\":[{\"@type\":\"ListItem\",\"position\":1,\"name\":\"Home\",\"item\":\"https:\\\/\\\/ges-agm.com\\\/\"},{\"@type\":\"ListItem\",\"position\":2,\"name\":\"Foco na Sustentabilidade\"}]},{\"@type\":\"WebSite\",\"@id\":\"https:\\\/\\\/ges-agm.com\\\/#website\",\"url\":\"https:\\\/\\\/ges-agm.com\\\/\",\"name\":\"GES AGM\",\"description\":\"\",\"potentialAction\":[{\"@type\":\"SearchAction\",\"target\":{\"@type\":\"EntryPoint\",\"urlTemplate\":\"https:\\\/\\\/ges-agm.com\\\/?s={search_term_string}\"},\"query-input\":{\"@type\":\"PropertyValueSpecification\",\"valueRequired\":true,\"valueName\":\"search_term_string\"}}],\"inLanguage\":\"en-US\"}]}<\/script>\n<!-- \/ Yoast SEO plugin. -->","yoast_head_json":{"title":"Foco na Sustentabilidade - GES AGM","robots":{"index":"index","follow":"follow","max-snippet":"max-snippet:-1","max-image-preview":"max-image-preview:large","max-video-preview":"max-video-preview:-1"},"canonical":"https:\/\/ges-agm.com\/foco-na-sustentabilidade\/","og_locale":"en_US","og_type":"article","og_title":"Foco na Sustentabilidade - GES AGM","og_url":"https:\/\/ges-agm.com\/pt-br\/foco-na-sustentabilidade\/","og_site_name":"GES AGM","article_modified_time":"2020-10-21T19:59:27+00:00","twitter_card":"summary_large_image","twitter_misc":{"Est. reading time":"4 minutes"},"schema":{"@context":"https:\/\/schema.org","@graph":[{"@type":"WebPage","@id":"https:\/\/ges-agm.com\/pt-br\/foco-na-sustentabilidade\/","url":"https:\/\/ges-agm.com\/pt-br\/foco-na-sustentabilidade\/","name":"Foco na Sustentabilidade - GES AGM","isPartOf":{"@id":"https:\/\/ges-agm.com\/#website"},"datePublished":"2019-01-30T17:53:24+00:00","dateModified":"2020-10-21T19:59:27+00:00","breadcrumb":{"@id":"https:\/\/ges-agm.com\/pt-br\/foco-na-sustentabilidade\/#breadcrumb"},"inLanguage":"en-US","potentialAction":[{"@type":"ReadAction","target":["https:\/\/ges-agm.com\/pt-br\/foco-na-sustentabilidade\/"]}]},{"@type":"BreadcrumbList","@id":"https:\/\/ges-agm.com\/pt-br\/foco-na-sustentabilidade\/#breadcrumb","itemListElement":[{"@type":"ListItem","position":1,"name":"Home","item":"https:\/\/ges-agm.com\/"},{"@type":"ListItem","position":2,"name":"Foco na Sustentabilidade"}]},{"@type":"WebSite","@id":"https:\/\/ges-agm.com\/#website","url":"https:\/\/ges-agm.com\/","name":"GES AGM","description":"","potentialAction":[{"@type":"SearchAction","target":{"@type":"EntryPoint","urlTemplate":"https:\/\/ges-agm.com\/?s={search_term_string}"},"query-input":{"@type":"PropertyValueSpecification","valueRequired":true,"valueName":"search_term_string"}}],"inLanguage":"en-US"}]}},"_links":{"self":[{"href":"https:\/\/ges-agm.com\/pt-br\/wp-json\/wp\/v2\/pages\/19013\/"}],"collection":[{"href":"https:\/\/ges-agm.com\/pt-br\/wp-json\/wp\/v2\/pages\/"}],"about":[{"href":"https:\/\/ges-agm.com\/pt-br\/wp-json\/wp\/v2\/types\/page\/"}],"author":[{"embeddable":true,"href":"https:\/\/ges-agm.com\/pt-br\/wp-json\/wp\/v2\/users\/10\/"}],"replies":[{"embeddable":true,"href":"https:\/\/ges-agm.com\/pt-br\/wp-json\/wp\/v2\/comments\/?post=19013"}],"version-history":[{"count":0,"href":"https:\/\/ges-agm.com\/pt-br\/wp-json\/wp\/v2\/pages\/19013\/revisions\/"}],"wp:attachment":[{"href":"https:\/\/ges-agm.com\/pt-br\/wp-json\/wp\/v2\/media\/?parent=19013"}],"curies":[{"name":"wp","href":"https:\/\/api.w.org\/{rel}","templated":true}]}}