{"id":19005,"date":"2019-01-30T12:25:32","date_gmt":"2019-01-30T17:25:32","guid":{"rendered":"https:\/\/ges-agm.com\/po-de-grafite\/"},"modified":"2019-01-30T12:25:34","modified_gmt":"2019-01-30T17:25:34","slug":"po-de-grafite","status":"publish","type":"page","link":"https:\/\/ges-agm.com\/pt-br\/po-de-grafite\/","title":{"rendered":"P\u00f3 de grafite"},"content":{"rendered":"<div class=\"fusion-fullwidth fullwidth-box fusion-builder-row-1 nonhundred-percent-fullwidth non-hundred-percent-height-scrolling\" style=\"--awb-border-radius-top-left:0px;--awb-border-radius-top-right:0px;--awb-border-radius-bottom-right:0px;--awb-border-radius-bottom-left:0px;--awb-flex-wrap:wrap;\" ><div class=\"fusion-builder-row fusion-row\"><div class=\"fusion-layout-column fusion_builder_column fusion-builder-column-0 fusion_builder_column_1_1 1_1 fusion-one-full fusion-column-first fusion-column-last\" style=\"--awb-bg-size:cover;\"><div class=\"fusion-column-wrapper fusion-flex-column-wrapper-legacy\"><div class=\"fusion-title title fusion-title-1 fusion-sep-none fusion-title-text fusion-title-size-one\" style=\"--awb-margin-top-small:0px;--awb-margin-bottom-small:20px;\"><h1 class=\"fusion-title-heading title-heading-left fusion-responsive-typography-calculated\" style=\"margin:0;--fontSize:30;line-height:1.1;\">P\u00f3 de grafite<\/h1><\/div><div class=\"fusion-text fusion-text-1\"><p>O p\u00f3 sint\u00e9tico de grafite vem da mat\u00e9ria-prima que \u00e9 baseada e grafitada em coque de petr\u00f3leo. O grafite sint\u00e9tico \u00e9 um material de alta temperatura que vem em muitos tamanhos e formas diferentes. Existem muitas aplica\u00e7\u00f5es, incluindo, atrito, fundi\u00e7\u00e3o, revestimentos, produtos de corros\u00e3o, e perfura\u00e7\u00e3o. Produzimos o p\u00f3 internamente a partir de nossas pr\u00f3prias opera\u00e7\u00f5es de fabrica\u00e7\u00e3o. Todo o material est\u00e1 sujeito a controle de qualidade e garantido para ser de melhor qualidade a partir da mat\u00e9ria-prima selecionada que utilizamos em nossa planta.<\/p>\n<\/div>\n<div class=\"table-1\">\n<table width=\"100%\">\n<thead>\n<tr>\n<th style=\"text-align: center;\" align=\"left\"><strong>Propriedades<\/strong><\/th>\n<th style=\"text-align: center;\" align=\"left\"><strong>Carbono<\/strong><\/th>\n<th style=\"text-align: center;\" align=\"left\"><strong>Cinzas<\/strong><\/th>\n<th style=\"text-align: center;\" align=\"left\"><strong>Umidade<\/strong><\/th>\n<th style=\"text-align: center;\" align=\"left\"><strong>Vol\u00e1teis<\/strong><\/th>\n<th style=\"text-align: center;\" colspan=\"3\"><strong>Dimensionamento (\u03bcm)<\/strong><\/th>\n<\/tr>\n<\/thead>\n<tbody>\n<tr>\n<td style=\"text-align: center;\" align=\"left\"><strong>Categoria<\/strong><\/td>\n<td style=\"text-align: center;\" align=\"left\"><strong>% M\u00edn.<\/strong><\/td>\n<td style=\"text-align: center;\" align=\"left\"><strong>% M\u00e1x.<\/strong><\/td>\n<td style=\"text-align: center;\" align=\"left\"><strong>% M\u00e1x.<\/strong><\/td>\n<td style=\"text-align: center;\" align=\"left\"><strong>% M\u00e1x.<\/strong><\/td>\n<td style=\"text-align: center;\" align=\"left\"><strong>D90<\/strong><\/td>\n<td style=\"text-align: center;\" align=\"left\"><strong>D50<\/strong><\/td>\n<td style=\"text-align: center;\" align=\"left\"><strong>D10<\/strong><\/td>\n<\/tr>\n<tr>\n<td style=\"text-align: center;\" align=\"left\">K230SG<\/td>\n<td style=\"text-align: center;\" align=\"left\">99<\/td>\n<td style=\"text-align: center;\" align=\"left\">0.5-1.0<\/td>\n<td style=\"text-align: center;\" align=\"left\">0.0-0.2<\/td>\n<td style=\"text-align: center;\" align=\"left\">0.1-0.3<\/td>\n<td style=\"text-align: center;\" align=\"left\">706<\/td>\n<td style=\"text-align: center;\" align=\"left\">340<\/td>\n<td style=\"text-align: center;\" align=\"left\">82<\/td>\n<\/tr>\n<tr>\n<td style=\"text-align: center;\" align=\"left\">K231SG<\/td>\n<td style=\"text-align: center;\" align=\"left\">99.5<\/td>\n<td style=\"text-align: center;\" align=\"left\">0.5-0.0=75<\/td>\n<td style=\"text-align: center;\" align=\"left\">0.0-0.1<\/td>\n<td style=\"text-align: center;\" align=\"left\">0.1-0.3<\/td>\n<td style=\"text-align: center;\" align=\"left\">263<\/td>\n<td style=\"text-align: center;\" align=\"left\">149<\/td>\n<td style=\"text-align: center;\" align=\"left\">49<\/td>\n<\/tr>\n<\/tbody>\n<\/table>\n<\/div>\n<div class=\"fusion-clearfix\"><\/div><\/div><\/div><\/div><\/div>\n","protected":false},"excerpt":{"rendered":"","protected":false},"author":10,"featured_media":0,"parent":0,"menu_order":0,"comment_status":"closed","ping_status":"closed","template":"","meta":{"footnotes":""},"class_list":["post-19005","page","type-page","status-publish","hentry"],"yoast_head":"<!-- This site is optimized with the Yoast SEO plugin v27.4 - https:\/\/yoast.com\/product\/yoast-seo-wordpress\/ -->\n<title>P\u00f3 de grafite - GES AGM<\/title>\n<meta name=\"robots\" content=\"index, follow, max-snippet:-1, max-image-preview:large, max-video-preview:-1\" \/>\n<link rel=\"canonical\" href=\"https:\/\/ges-agm.com\/po-de-grafite\/\" \/>\n<meta property=\"og:locale\" content=\"en_US\" \/>\n<meta property=\"og:type\" content=\"article\" \/>\n<meta property=\"og:title\" content=\"P\u00f3 de grafite - GES AGM\" \/>\n<meta property=\"og:url\" content=\"https:\/\/ges-agm.com\/pt-br\/po-de-grafite\/\" \/>\n<meta property=\"og:site_name\" content=\"GES AGM\" \/>\n<meta property=\"article:modified_time\" content=\"2019-01-30T17:25:34+00:00\" \/>\n<meta name=\"twitter:card\" content=\"summary_large_image\" \/>\n<meta name=\"twitter:label1\" content=\"Est. reading time\" \/>\n\t<meta name=\"twitter:data1\" content=\"2 minutes\" \/>\n<script type=\"application\/ld+json\" class=\"yoast-schema-graph\">{\"@context\":\"https:\\\/\\\/schema.org\",\"@graph\":[{\"@type\":\"WebPage\",\"@id\":\"https:\\\/\\\/ges-agm.com\\\/pt-br\\\/po-de-grafite\\\/\",\"url\":\"https:\\\/\\\/ges-agm.com\\\/pt-br\\\/po-de-grafite\\\/\",\"name\":\"P\u00f3 de grafite - GES AGM\",\"isPartOf\":{\"@id\":\"https:\\\/\\\/ges-agm.com\\\/#website\"},\"datePublished\":\"2019-01-30T17:25:32+00:00\",\"dateModified\":\"2019-01-30T17:25:34+00:00\",\"breadcrumb\":{\"@id\":\"https:\\\/\\\/ges-agm.com\\\/pt-br\\\/po-de-grafite\\\/#breadcrumb\"},\"inLanguage\":\"en-US\",\"potentialAction\":[{\"@type\":\"ReadAction\",\"target\":[\"https:\\\/\\\/ges-agm.com\\\/pt-br\\\/po-de-grafite\\\/\"]}]},{\"@type\":\"BreadcrumbList\",\"@id\":\"https:\\\/\\\/ges-agm.com\\\/pt-br\\\/po-de-grafite\\\/#breadcrumb\",\"itemListElement\":[{\"@type\":\"ListItem\",\"position\":1,\"name\":\"Home\",\"item\":\"https:\\\/\\\/ges-agm.com\\\/\"},{\"@type\":\"ListItem\",\"position\":2,\"name\":\"P\u00f3 de grafite\"}]},{\"@type\":\"WebSite\",\"@id\":\"https:\\\/\\\/ges-agm.com\\\/#website\",\"url\":\"https:\\\/\\\/ges-agm.com\\\/\",\"name\":\"GES AGM\",\"description\":\"\",\"potentialAction\":[{\"@type\":\"SearchAction\",\"target\":{\"@type\":\"EntryPoint\",\"urlTemplate\":\"https:\\\/\\\/ges-agm.com\\\/?s={search_term_string}\"},\"query-input\":{\"@type\":\"PropertyValueSpecification\",\"valueRequired\":true,\"valueName\":\"search_term_string\"}}],\"inLanguage\":\"en-US\"}]}<\/script>\n<!-- \/ Yoast SEO plugin. -->","yoast_head_json":{"title":"P\u00f3 de grafite - GES AGM","robots":{"index":"index","follow":"follow","max-snippet":"max-snippet:-1","max-image-preview":"max-image-preview:large","max-video-preview":"max-video-preview:-1"},"canonical":"https:\/\/ges-agm.com\/po-de-grafite\/","og_locale":"en_US","og_type":"article","og_title":"P\u00f3 de grafite - GES AGM","og_url":"https:\/\/ges-agm.com\/pt-br\/po-de-grafite\/","og_site_name":"GES AGM","article_modified_time":"2019-01-30T17:25:34+00:00","twitter_card":"summary_large_image","twitter_misc":{"Est. reading time":"2 minutes"},"schema":{"@context":"https:\/\/schema.org","@graph":[{"@type":"WebPage","@id":"https:\/\/ges-agm.com\/pt-br\/po-de-grafite\/","url":"https:\/\/ges-agm.com\/pt-br\/po-de-grafite\/","name":"P\u00f3 de grafite - GES AGM","isPartOf":{"@id":"https:\/\/ges-agm.com\/#website"},"datePublished":"2019-01-30T17:25:32+00:00","dateModified":"2019-01-30T17:25:34+00:00","breadcrumb":{"@id":"https:\/\/ges-agm.com\/pt-br\/po-de-grafite\/#breadcrumb"},"inLanguage":"en-US","potentialAction":[{"@type":"ReadAction","target":["https:\/\/ges-agm.com\/pt-br\/po-de-grafite\/"]}]},{"@type":"BreadcrumbList","@id":"https:\/\/ges-agm.com\/pt-br\/po-de-grafite\/#breadcrumb","itemListElement":[{"@type":"ListItem","position":1,"name":"Home","item":"https:\/\/ges-agm.com\/"},{"@type":"ListItem","position":2,"name":"P\u00f3 de grafite"}]},{"@type":"WebSite","@id":"https:\/\/ges-agm.com\/#website","url":"https:\/\/ges-agm.com\/","name":"GES AGM","description":"","potentialAction":[{"@type":"SearchAction","target":{"@type":"EntryPoint","urlTemplate":"https:\/\/ges-agm.com\/?s={search_term_string}"},"query-input":{"@type":"PropertyValueSpecification","valueRequired":true,"valueName":"search_term_string"}}],"inLanguage":"en-US"}]}},"_links":{"self":[{"href":"https:\/\/ges-agm.com\/pt-br\/wp-json\/wp\/v2\/pages\/19005\/"}],"collection":[{"href":"https:\/\/ges-agm.com\/pt-br\/wp-json\/wp\/v2\/pages\/"}],"about":[{"href":"https:\/\/ges-agm.com\/pt-br\/wp-json\/wp\/v2\/types\/page\/"}],"author":[{"embeddable":true,"href":"https:\/\/ges-agm.com\/pt-br\/wp-json\/wp\/v2\/users\/10\/"}],"replies":[{"embeddable":true,"href":"https:\/\/ges-agm.com\/pt-br\/wp-json\/wp\/v2\/comments\/?post=19005"}],"version-history":[{"count":0,"href":"https:\/\/ges-agm.com\/pt-br\/wp-json\/wp\/v2\/pages\/19005\/revisions\/"}],"wp:attachment":[{"href":"https:\/\/ges-agm.com\/pt-br\/wp-json\/wp\/v2\/media\/?parent=19005"}],"curies":[{"name":"wp","href":"https:\/\/api.w.org\/{rel}","templated":true}]}}