{"id":19003,"date":"2019-01-30T12:16:00","date_gmt":"2019-01-30T17:16:00","guid":{"rendered":"https:\/\/ges-agm.com\/folha-de-grafite\/"},"modified":"2019-01-30T12:16:01","modified_gmt":"2019-01-30T17:16:01","slug":"folha-de-grafite","status":"publish","type":"page","link":"https:\/\/ges-agm.com\/pt-br\/folha-de-grafite\/","title":{"rendered":"Folha de Grafite"},"content":{"rendered":"<div class=\"fusion-fullwidth fullwidth-box fusion-builder-row-1 nonhundred-percent-fullwidth non-hundred-percent-height-scrolling\" style=\"--awb-border-radius-top-left:0px;--awb-border-radius-top-right:0px;--awb-border-radius-bottom-right:0px;--awb-border-radius-bottom-left:0px;--awb-flex-wrap:wrap;\" ><div class=\"fusion-builder-row fusion-row\"><div class=\"fusion-layout-column fusion_builder_column fusion-builder-column-0 fusion_builder_column_1_1 1_1 fusion-one-full fusion-column-first fusion-column-last\" style=\"--awb-bg-size:cover;\"><div class=\"fusion-column-wrapper fusion-flex-column-wrapper-legacy\"><div class=\"fusion-title title fusion-title-1 fusion-sep-none fusion-title-text fusion-title-size-one\" style=\"--awb-margin-top-small:0px;--awb-margin-bottom-small:20px;\"><h1 class=\"fusion-title-heading title-heading-left fusion-responsive-typography-calculated\" style=\"margin:0;--fontSize:30;line-height:1.1;\">Folha de Grafite<\/h1><\/div><div class=\"fusion-text fusion-text-1\"><p>A folha de grafite da GES-AGM foi o primeiro material de veda\u00e7\u00e3o de fluido no mercado. O material resiste ao calor, fogo, corros\u00e3o, e produtos qu\u00edmicos agressivos. Nossos materiais s\u00e3o de corte facil, alta selabilidade, vida \u00fatil ilimitada, e tem uma alta conformidade de superf\u00edcie. As principais aplica\u00e7\u00f5es s\u00e3o veda\u00e7\u00e3o automotiva e veda\u00e7\u00e3o de fluido industrial.<\/p>\n<\/div><div class=\"fusion-text fusion-text-2\"><p>A linha ultra fina de folhas de grafite da GES-AGM \u00e9 ideal para aplica\u00e7\u00f5es eletr\u00f4nicas. Este \u00e9 um produto \u00fanico que protege um componente sens\u00edvel \u00e0 temperatura. Nossos produtos s\u00e3o perfeitos para uma ampla gama de aplica\u00e7\u00f5es eletr\u00f4nicas.<\/p>\n<\/div><div class=\"fusion-tabs fusion-tabs-1 classic nav-is-justified horizontal-tabs icon-position-left mobile-mode-accordion\" style=\"--awb-title-border-radius-top-left:0px;--awb-title-border-radius-top-right:0px;--awb-title-border-radius-bottom-right:0px;--awb-title-border-radius-bottom-left:0px;--awb-inactive-color:#ebeaea;--awb-background-color:#ffffff;--awb-border-color:#ebeaea;--awb-active-border-color:#07914f;\"><div class=\"nav\"><ul class=\"nav-tabs nav-justified\" role=\"tablist\"><li class=\"active\" role=\"presentation\"><a class=\"tab-link\" data-toggle=\"tab\" role=\"tab\" aria-controls=\"tab-1a2f12c87979141b8e3\" aria-selected=\"true\" id=\"fusion-tab-folhadegrafite\" href=\"#tab-1a2f12c87979141b8e3\"><h4 class=\"fusion-tab-heading\">Folha de Grafite<\/h4><\/a><\/li><li role=\"presentation\"><a class=\"tab-link\" data-toggle=\"tab\" role=\"tab\" aria-controls=\"tab-c6d083e052595acc715\" aria-selected=\"false\" tabindex=\"-1\" id=\"fusion-tab-folhadegrafiteultrafina\" href=\"#tab-c6d083e052595acc715\"><h4 class=\"fusion-tab-heading\">Folha de Grafite Ultra Fina<\/h4><\/a><\/li><\/ul><\/div><div class=\"tab-content\"><div class=\"nav fusion-mobile-tab-nav\"><ul class=\"nav-tabs nav-justified\" role=\"tablist\"><li class=\"active\" role=\"presentation\"><a class=\"tab-link\" data-toggle=\"tab\" role=\"tab\" aria-controls=\"tab-1a2f12c87979141b8e3\" aria-selected=\"true\" id=\"mobile-fusion-tab-folhadegrafite\" href=\"#tab-1a2f12c87979141b8e3\"><h4 class=\"fusion-tab-heading\">Folha de Grafite<\/h4><\/a><\/li><\/ul><\/div><div class=\"tab-pane fade fusion-clearfix in active\" role=\"tabpanel\" tabindex=\"0\" aria-labelledby=\"fusion-tab-folhadegrafite\" id=\"tab-1a2f12c87979141b8e3\">\n<div class=\"table-1\">\n<table>\n<tbody>\n<tr>\n<td style=\"text-align: center;\"><strong>Categoria<\/strong><\/td>\n<td style=\"text-align: center;\"><strong>Densidade<\/strong><\/td>\n<td style=\"text-align: center;\"><strong>Carbono<\/strong><\/td>\n<td style=\"text-align: center;\"><strong>Enxofre<\/strong><\/td>\n<td style=\"text-align: center;\"><strong>Resist\u00eancia \u00e0 tra\u00e7\u00e3o<\/strong><\/td>\n<td style=\"text-align: center;\"><strong>Compressiblidade<\/strong><\/td>\n<\/tr>\n<tr>\n<td><\/td>\n<td style=\"text-align: center;\">g\/cc<\/td>\n<td style=\"text-align: center;\">%<\/td>\n<td style=\"text-align: center;\">ppm<\/td>\n<td style=\"text-align: center;\">Mpa<\/td>\n<td style=\"text-align: center;\">%<\/td>\n<\/tr>\n<tr>\n<td style=\"text-align: center;\">PES-15<\/td>\n<td style=\"text-align: center;\">0.7-1.5<\/td>\n<td style=\"text-align: center;\">98<\/td>\n<td style=\"text-align: center;\">&lt;1500<\/td>\n<td style=\"text-align: center;\">&gt;4.0<\/td>\n<td style=\"text-align: center;\">&gt;40<\/td>\n<\/tr>\n<tr>\n<td style=\"text-align: center;\">PES-13<\/td>\n<td style=\"text-align: center;\">0.7-1.5<\/td>\n<td style=\"text-align: center;\">98.5<\/td>\n<td style=\"text-align: center;\">&lt;1300<\/td>\n<td style=\"text-align: center;\">&gt;4.0<\/td>\n<td style=\"text-align: center;\">&gt;40<\/td>\n<\/tr>\n<tr>\n<td style=\"text-align: center;\">PES-10<\/td>\n<td style=\"text-align: center;\">0.7-1.5<\/td>\n<td style=\"text-align: center;\">99<\/td>\n<td style=\"text-align: center;\">&lt;1000<\/td>\n<td style=\"text-align: center;\">&gt;4.0<\/td>\n<td style=\"text-align: center;\">&gt;40<\/td>\n<\/tr>\n<tr>\n<td style=\"text-align: center;\">PES-5<\/td>\n<td style=\"text-align: center;\">0.7-1.5<\/td>\n<td style=\"text-align: center;\">99<\/td>\n<td style=\"text-align: center;\">&lt;500<\/td>\n<td style=\"text-align: center;\">&gt;4.5<\/td>\n<td style=\"text-align: center;\">&gt;40<\/td>\n<\/tr>\n<tr>\n<td style=\"text-align: center;\">PES-2<\/td>\n<td style=\"text-align: center;\">0.7-1.5<\/td>\n<td style=\"text-align: center;\">99.5<\/td>\n<td style=\"text-align: center;\">&lt;200<\/td>\n<td style=\"text-align: center;\">&gt;5.2<\/td>\n<td style=\"text-align: center;\">&gt;40<\/td>\n<\/tr>\n<\/tbody>\n<\/table>\n<\/div>\n<\/div><div class=\"nav fusion-mobile-tab-nav\"><ul class=\"nav-tabs nav-justified\" role=\"tablist\"><li role=\"presentation\"><a class=\"tab-link\" data-toggle=\"tab\" role=\"tab\" aria-controls=\"tab-c6d083e052595acc715\" aria-selected=\"false\" tabindex=\"-1\" id=\"mobile-fusion-tab-folhadegrafiteultrafina\" href=\"#tab-c6d083e052595acc715\"><h4 class=\"fusion-tab-heading\">Folha de Grafite Ultra Fina<\/h4><\/a><\/li><\/ul><\/div><div class=\"tab-pane fade fusion-clearfix\" role=\"tabpanel\" tabindex=\"0\" aria-labelledby=\"fusion-tab-folhadegrafiteultrafina\" id=\"tab-c6d083e052595acc715\">\n<div class=\"table-1\">\n<table>\n<tbody>\n<tr>\n<td style=\"text-align: center;\"><strong>Categoria<\/strong><\/td>\n<td style=\"text-align: center;\"><strong>GTS-1000<\/strong><\/td>\n<td style=\"text-align: center;\"><strong>GTS-500<\/strong><\/td>\n<td style=\"text-align: center;\"><strong>GTS-250<\/strong><\/td>\n<td style=\"text-align: center;\"><strong>GTS-100<\/strong><\/td>\n<td style=\"text-align: center;\"><strong>GTS-25<\/strong><\/td>\n<td style=\"text-align: center;\"><strong>GTS-12<\/strong><\/td>\n<\/tr>\n<tr>\n<td style=\"text-align: center;\">Espessura (mm)<\/td>\n<td style=\"text-align: center;\">1<\/td>\n<td style=\"text-align: center;\">0.5<\/td>\n<td style=\"text-align: center;\">0.25<\/td>\n<td style=\"text-align: center;\">0.125<\/td>\n<td style=\"text-align: center;\">0.025<\/td>\n<td style=\"text-align: center;\">0.012<\/td>\n<\/tr>\n<tr>\n<td style=\"text-align: center;\">Condutividade t\u00e9rmica (W\/m-K)<\/td>\n<td style=\"text-align: center;\">300-400<\/td>\n<td style=\"text-align: center;\">300-500<\/td>\n<td style=\"text-align: center;\">300-500<\/td>\n<td style=\"text-align: center;\">1000-1800<\/td>\n<td style=\"text-align: center;\">1000-1800<\/td>\n<td style=\"text-align: center;\">1000-1800<\/td>\n<\/tr>\n<tr>\n<td style=\"text-align: center;\">Densidade aparente<\/td>\n<td style=\"text-align: center;\">1.0-1.2<\/td>\n<td style=\"text-align: center;\">1.2-1.4<\/td>\n<td style=\"text-align: center;\">1.4-1.5<\/td>\n<td style=\"text-align: center;\">1.5-1.6<\/td>\n<td style=\"text-align: center;\">1.5-1.6<\/td>\n<td style=\"text-align: center;\">1.5-1.6<\/td>\n<\/tr>\n<tr>\n<td style=\"text-align: center;\">Teor de carbono<\/td>\n<td style=\"text-align: center;\" colspan=\"3\">99-99.5%<\/td>\n<td style=\"text-align: center;\" colspan=\"3\">99.5-99.9%<\/td>\n<\/tr>\n<tr>\n<td style=\"text-align: center;\">Dureza (Shore)<\/td>\n<td style=\"text-align: center;\" colspan=\"6\">85<\/td>\n<\/tr>\n<tr>\n<td style=\"text-align: center;\">CTE (10-6 m\/m \u00b0C)<\/td>\n<td style=\"text-align: center;\" colspan=\"6\">-0,4 \u2013 27<\/td>\n<\/tr>\n<tr>\n<td style=\"text-align: center;\">Temp. de funcionamento (\u00b0C)<\/td>\n<td style=\"text-align: center;\" colspan=\"6\">-40 to 400<\/td>\n<\/tr>\n<tr>\n<td style=\"text-align: center;\">Calor espec\u00edfico a 25\u00b0C (J\/kg-\u00b0C)<\/td>\n<td style=\"text-align: center;\" colspan=\"6\">710<\/td>\n<\/tr>\n<\/tbody>\n<\/table>\n<\/div>\n<\/div><\/div><\/div><div class=\"fusion-clearfix\"><\/div><\/div><\/div><\/div><\/div>\n","protected":false},"excerpt":{"rendered":"","protected":false},"author":10,"featured_media":0,"parent":0,"menu_order":0,"comment_status":"closed","ping_status":"closed","template":"","meta":{"footnotes":""},"class_list":["post-19003","page","type-page","status-publish","hentry"],"yoast_head":"<!-- This site is optimized with the Yoast SEO plugin v27.4 - https:\/\/yoast.com\/product\/yoast-seo-wordpress\/ -->\n<title>Folha de Grafite - GES AGM<\/title>\n<meta name=\"robots\" content=\"index, follow, max-snippet:-1, max-image-preview:large, max-video-preview:-1\" \/>\n<link rel=\"canonical\" href=\"https:\/\/ges-agm.com\/folha-de-grafite\/\" \/>\n<meta property=\"og:locale\" content=\"en_US\" \/>\n<meta property=\"og:type\" content=\"article\" \/>\n<meta property=\"og:title\" content=\"Folha de Grafite - GES AGM\" \/>\n<meta property=\"og:url\" content=\"https:\/\/ges-agm.com\/pt-br\/folha-de-grafite\/\" \/>\n<meta property=\"og:site_name\" content=\"GES AGM\" \/>\n<meta property=\"article:modified_time\" content=\"2019-01-30T17:16:01+00:00\" \/>\n<meta name=\"twitter:card\" content=\"summary_large_image\" \/>\n<meta name=\"twitter:label1\" content=\"Est. reading time\" \/>\n\t<meta name=\"twitter:data1\" content=\"3 minutes\" \/>\n<script type=\"application\/ld+json\" class=\"yoast-schema-graph\">{\"@context\":\"https:\\\/\\\/schema.org\",\"@graph\":[{\"@type\":\"WebPage\",\"@id\":\"https:\\\/\\\/ges-agm.com\\\/pt-br\\\/folha-de-grafite\\\/\",\"url\":\"https:\\\/\\\/ges-agm.com\\\/pt-br\\\/folha-de-grafite\\\/\",\"name\":\"Folha de Grafite - GES AGM\",\"isPartOf\":{\"@id\":\"https:\\\/\\\/ges-agm.com\\\/#website\"},\"datePublished\":\"2019-01-30T17:16:00+00:00\",\"dateModified\":\"2019-01-30T17:16:01+00:00\",\"breadcrumb\":{\"@id\":\"https:\\\/\\\/ges-agm.com\\\/pt-br\\\/folha-de-grafite\\\/#breadcrumb\"},\"inLanguage\":\"en-US\",\"potentialAction\":[{\"@type\":\"ReadAction\",\"target\":[\"https:\\\/\\\/ges-agm.com\\\/pt-br\\\/folha-de-grafite\\\/\"]}]},{\"@type\":\"BreadcrumbList\",\"@id\":\"https:\\\/\\\/ges-agm.com\\\/pt-br\\\/folha-de-grafite\\\/#breadcrumb\",\"itemListElement\":[{\"@type\":\"ListItem\",\"position\":1,\"name\":\"Home\",\"item\":\"https:\\\/\\\/ges-agm.com\\\/\"},{\"@type\":\"ListItem\",\"position\":2,\"name\":\"Folha de Grafite\"}]},{\"@type\":\"WebSite\",\"@id\":\"https:\\\/\\\/ges-agm.com\\\/#website\",\"url\":\"https:\\\/\\\/ges-agm.com\\\/\",\"name\":\"GES AGM\",\"description\":\"\",\"potentialAction\":[{\"@type\":\"SearchAction\",\"target\":{\"@type\":\"EntryPoint\",\"urlTemplate\":\"https:\\\/\\\/ges-agm.com\\\/?s={search_term_string}\"},\"query-input\":{\"@type\":\"PropertyValueSpecification\",\"valueRequired\":true,\"valueName\":\"search_term_string\"}}],\"inLanguage\":\"en-US\"}]}<\/script>\n<!-- \/ Yoast SEO plugin. -->","yoast_head_json":{"title":"Folha de Grafite - GES AGM","robots":{"index":"index","follow":"follow","max-snippet":"max-snippet:-1","max-image-preview":"max-image-preview:large","max-video-preview":"max-video-preview:-1"},"canonical":"https:\/\/ges-agm.com\/folha-de-grafite\/","og_locale":"en_US","og_type":"article","og_title":"Folha de Grafite - GES AGM","og_url":"https:\/\/ges-agm.com\/pt-br\/folha-de-grafite\/","og_site_name":"GES AGM","article_modified_time":"2019-01-30T17:16:01+00:00","twitter_card":"summary_large_image","twitter_misc":{"Est. reading time":"3 minutes"},"schema":{"@context":"https:\/\/schema.org","@graph":[{"@type":"WebPage","@id":"https:\/\/ges-agm.com\/pt-br\/folha-de-grafite\/","url":"https:\/\/ges-agm.com\/pt-br\/folha-de-grafite\/","name":"Folha de Grafite - GES AGM","isPartOf":{"@id":"https:\/\/ges-agm.com\/#website"},"datePublished":"2019-01-30T17:16:00+00:00","dateModified":"2019-01-30T17:16:01+00:00","breadcrumb":{"@id":"https:\/\/ges-agm.com\/pt-br\/folha-de-grafite\/#breadcrumb"},"inLanguage":"en-US","potentialAction":[{"@type":"ReadAction","target":["https:\/\/ges-agm.com\/pt-br\/folha-de-grafite\/"]}]},{"@type":"BreadcrumbList","@id":"https:\/\/ges-agm.com\/pt-br\/folha-de-grafite\/#breadcrumb","itemListElement":[{"@type":"ListItem","position":1,"name":"Home","item":"https:\/\/ges-agm.com\/"},{"@type":"ListItem","position":2,"name":"Folha de Grafite"}]},{"@type":"WebSite","@id":"https:\/\/ges-agm.com\/#website","url":"https:\/\/ges-agm.com\/","name":"GES AGM","description":"","potentialAction":[{"@type":"SearchAction","target":{"@type":"EntryPoint","urlTemplate":"https:\/\/ges-agm.com\/?s={search_term_string}"},"query-input":{"@type":"PropertyValueSpecification","valueRequired":true,"valueName":"search_term_string"}}],"inLanguage":"en-US"}]}},"_links":{"self":[{"href":"https:\/\/ges-agm.com\/pt-br\/wp-json\/wp\/v2\/pages\/19003\/"}],"collection":[{"href":"https:\/\/ges-agm.com\/pt-br\/wp-json\/wp\/v2\/pages\/"}],"about":[{"href":"https:\/\/ges-agm.com\/pt-br\/wp-json\/wp\/v2\/types\/page\/"}],"author":[{"embeddable":true,"href":"https:\/\/ges-agm.com\/pt-br\/wp-json\/wp\/v2\/users\/10\/"}],"replies":[{"embeddable":true,"href":"https:\/\/ges-agm.com\/pt-br\/wp-json\/wp\/v2\/comments\/?post=19003"}],"version-history":[{"count":0,"href":"https:\/\/ges-agm.com\/pt-br\/wp-json\/wp\/v2\/pages\/19003\/revisions\/"}],"wp:attachment":[{"href":"https:\/\/ges-agm.com\/pt-br\/wp-json\/wp\/v2\/media\/?parent=19003"}],"curies":[{"name":"wp","href":"https:\/\/api.w.org\/{rel}","templated":true}]}}