{"id":19001,"date":"2019-01-30T12:11:06","date_gmt":"2019-01-30T17:11:06","guid":{"rendered":"https:\/\/ges-agm.com\/eletrodos-de-grafite\/eletrodos-de-categoria-loox-uhp\/"},"modified":"2020-10-21T15:19:36","modified_gmt":"2020-10-21T19:19:36","slug":"eletrodos-de-categoria-loox-uhp","status":"publish","type":"page","link":"https:\/\/ges-agm.com\/pt-br\/eletrodos-de-grafite\/eletrodos-de-categoria-loox-uhp\/","title":{"rendered":"Eletrodos de Categoria LoOx&trade; UHP"},"content":{"rendered":"<div class=\"fusion-fullwidth fullwidth-box fusion-builder-row-1 nonhundred-percent-fullwidth non-hundred-percent-height-scrolling\" style=\"--awb-border-radius-top-left:0px;--awb-border-radius-top-right:0px;--awb-border-radius-bottom-right:0px;--awb-border-radius-bottom-left:0px;--awb-flex-wrap:wrap;\" ><div class=\"fusion-builder-row fusion-row\"><div class=\"fusion-layout-column fusion_builder_column fusion-builder-column-0 fusion_builder_column_1_1 1_1 fusion-one-full fusion-column-first fusion-column-last\" style=\"--awb-bg-size:cover;\"><div class=\"fusion-column-wrapper fusion-flex-column-wrapper-legacy\"><div class=\"fusion-title title fusion-title-1 fusion-sep-none fusion-title-text fusion-title-size-one\" style=\"--awb-margin-top-small:0px;--awb-margin-bottom-small:20px;\"><h1 class=\"fusion-title-heading title-heading-left fusion-responsive-typography-calculated\" style=\"margin:0;--fontSize:30;line-height:1.1;\">Eletrodos de Categoria LoOx&#x2122; UHP<\/h1><\/div><div class=\"fusion-text fusion-text-1\"><p>GES-AGM utiliza processos de tratamento anti-oxida\u00e7\u00e3o pr\u00f3prios, em Parma. A t\u00e9cnica de tratamento LoOxTM \u00e9 um processo de impregna\u00e7\u00e3o a v\u00e1cuo\/press\u00e3o que trata todo o corpo, e n\u00e3o apenas a superf\u00edcie da pe\u00e7a. Este processo demonstrou reduzir a oxida\u00e7\u00e3o em 8-10% em eletrodos e em muitas aplica\u00e7\u00f5es especiais. Os revestimentos de superf\u00edcie com outros materiais oferecem m\u00e9todos adicionais para reduzir a oxida\u00e7\u00e3o. <\/p>\n<\/div><div class=\"fusion-clearfix\"><\/div><\/div><\/div><\/div><\/div>\n","protected":false},"excerpt":{"rendered":"","protected":false},"author":10,"featured_media":0,"parent":18999,"menu_order":0,"comment_status":"closed","ping_status":"closed","template":"","meta":{"footnotes":""},"class_list":["post-19001","page","type-page","status-publish","hentry"],"yoast_head":"<!-- This site is optimized with the Yoast SEO plugin v27.4 - https:\/\/yoast.com\/product\/yoast-seo-wordpress\/ -->\n<title>Eletrodos de Categoria LoOx&trade; UHP - GES AGM<\/title>\n<meta name=\"robots\" content=\"index, follow, max-snippet:-1, max-image-preview:large, max-video-preview:-1\" \/>\n<link rel=\"canonical\" href=\"https:\/\/ges-agm.com\/eletrodos-de-grafite\/eletrodos-de-categoria-loox-uhp\/\" \/>\n<meta property=\"og:locale\" content=\"en_US\" \/>\n<meta property=\"og:type\" content=\"article\" \/>\n<meta property=\"og:title\" content=\"Eletrodos de Categoria LoOx&trade; UHP - GES AGM\" \/>\n<meta property=\"og:url\" content=\"https:\/\/ges-agm.com\/pt-br\/eletrodos-de-grafite\/eletrodos-de-categoria-loox-uhp\/\" \/>\n<meta property=\"og:site_name\" content=\"GES AGM\" \/>\n<meta property=\"article:modified_time\" content=\"2020-10-21T19:19:36+00:00\" \/>\n<meta name=\"twitter:card\" content=\"summary_large_image\" \/>\n<meta name=\"twitter:label1\" content=\"Est. reading time\" \/>\n\t<meta name=\"twitter:data1\" content=\"2 minutes\" \/>\n<script type=\"application\/ld+json\" class=\"yoast-schema-graph\">{\"@context\":\"https:\\\/\\\/schema.org\",\"@graph\":[{\"@type\":\"WebPage\",\"@id\":\"https:\\\/\\\/ges-agm.com\\\/pt-br\\\/eletrodos-de-grafite\\\/eletrodos-de-categoria-loox-uhp\\\/\",\"url\":\"https:\\\/\\\/ges-agm.com\\\/pt-br\\\/eletrodos-de-grafite\\\/eletrodos-de-categoria-loox-uhp\\\/\",\"name\":\"Eletrodos de Categoria LoOx&trade; UHP - GES AGM\",\"isPartOf\":{\"@id\":\"https:\\\/\\\/ges-agm.com\\\/#website\"},\"datePublished\":\"2019-01-30T17:11:06+00:00\",\"dateModified\":\"2020-10-21T19:19:36+00:00\",\"breadcrumb\":{\"@id\":\"https:\\\/\\\/ges-agm.com\\\/pt-br\\\/eletrodos-de-grafite\\\/eletrodos-de-categoria-loox-uhp\\\/#breadcrumb\"},\"inLanguage\":\"en-US\",\"potentialAction\":[{\"@type\":\"ReadAction\",\"target\":[\"https:\\\/\\\/ges-agm.com\\\/pt-br\\\/eletrodos-de-grafite\\\/eletrodos-de-categoria-loox-uhp\\\/\"]}]},{\"@type\":\"BreadcrumbList\",\"@id\":\"https:\\\/\\\/ges-agm.com\\\/pt-br\\\/eletrodos-de-grafite\\\/eletrodos-de-categoria-loox-uhp\\\/#breadcrumb\",\"itemListElement\":[{\"@type\":\"ListItem\",\"position\":1,\"name\":\"Home\",\"item\":\"https:\\\/\\\/ges-agm.com\\\/\"},{\"@type\":\"ListItem\",\"position\":2,\"name\":\"Eletrodos de grafite\",\"item\":\"https:\\\/\\\/ges-agm.com\\\/pt-br\\\/eletrodos-de-grafite\\\/\"},{\"@type\":\"ListItem\",\"position\":3,\"name\":\"Eletrodos de Categoria LoOx&trade; UHP\"}]},{\"@type\":\"WebSite\",\"@id\":\"https:\\\/\\\/ges-agm.com\\\/#website\",\"url\":\"https:\\\/\\\/ges-agm.com\\\/\",\"name\":\"GES AGM\",\"description\":\"\",\"potentialAction\":[{\"@type\":\"SearchAction\",\"target\":{\"@type\":\"EntryPoint\",\"urlTemplate\":\"https:\\\/\\\/ges-agm.com\\\/?s={search_term_string}\"},\"query-input\":{\"@type\":\"PropertyValueSpecification\",\"valueRequired\":true,\"valueName\":\"search_term_string\"}}],\"inLanguage\":\"en-US\"}]}<\/script>\n<!-- \/ Yoast SEO plugin. -->","yoast_head_json":{"title":"Eletrodos de Categoria LoOx&trade; UHP - GES AGM","robots":{"index":"index","follow":"follow","max-snippet":"max-snippet:-1","max-image-preview":"max-image-preview:large","max-video-preview":"max-video-preview:-1"},"canonical":"https:\/\/ges-agm.com\/eletrodos-de-grafite\/eletrodos-de-categoria-loox-uhp\/","og_locale":"en_US","og_type":"article","og_title":"Eletrodos de Categoria LoOx&trade; UHP - GES AGM","og_url":"https:\/\/ges-agm.com\/pt-br\/eletrodos-de-grafite\/eletrodos-de-categoria-loox-uhp\/","og_site_name":"GES AGM","article_modified_time":"2020-10-21T19:19:36+00:00","twitter_card":"summary_large_image","twitter_misc":{"Est. reading time":"2 minutes"},"schema":{"@context":"https:\/\/schema.org","@graph":[{"@type":"WebPage","@id":"https:\/\/ges-agm.com\/pt-br\/eletrodos-de-grafite\/eletrodos-de-categoria-loox-uhp\/","url":"https:\/\/ges-agm.com\/pt-br\/eletrodos-de-grafite\/eletrodos-de-categoria-loox-uhp\/","name":"Eletrodos de Categoria LoOx&trade; UHP - GES AGM","isPartOf":{"@id":"https:\/\/ges-agm.com\/#website"},"datePublished":"2019-01-30T17:11:06+00:00","dateModified":"2020-10-21T19:19:36+00:00","breadcrumb":{"@id":"https:\/\/ges-agm.com\/pt-br\/eletrodos-de-grafite\/eletrodos-de-categoria-loox-uhp\/#breadcrumb"},"inLanguage":"en-US","potentialAction":[{"@type":"ReadAction","target":["https:\/\/ges-agm.com\/pt-br\/eletrodos-de-grafite\/eletrodos-de-categoria-loox-uhp\/"]}]},{"@type":"BreadcrumbList","@id":"https:\/\/ges-agm.com\/pt-br\/eletrodos-de-grafite\/eletrodos-de-categoria-loox-uhp\/#breadcrumb","itemListElement":[{"@type":"ListItem","position":1,"name":"Home","item":"https:\/\/ges-agm.com\/"},{"@type":"ListItem","position":2,"name":"Eletrodos de grafite","item":"https:\/\/ges-agm.com\/pt-br\/eletrodos-de-grafite\/"},{"@type":"ListItem","position":3,"name":"Eletrodos de Categoria LoOx&trade; UHP"}]},{"@type":"WebSite","@id":"https:\/\/ges-agm.com\/#website","url":"https:\/\/ges-agm.com\/","name":"GES AGM","description":"","potentialAction":[{"@type":"SearchAction","target":{"@type":"EntryPoint","urlTemplate":"https:\/\/ges-agm.com\/?s={search_term_string}"},"query-input":{"@type":"PropertyValueSpecification","valueRequired":true,"valueName":"search_term_string"}}],"inLanguage":"en-US"}]}},"_links":{"self":[{"href":"https:\/\/ges-agm.com\/pt-br\/wp-json\/wp\/v2\/pages\/19001\/"}],"collection":[{"href":"https:\/\/ges-agm.com\/pt-br\/wp-json\/wp\/v2\/pages\/"}],"about":[{"href":"https:\/\/ges-agm.com\/pt-br\/wp-json\/wp\/v2\/types\/page\/"}],"author":[{"embeddable":true,"href":"https:\/\/ges-agm.com\/pt-br\/wp-json\/wp\/v2\/users\/10\/"}],"replies":[{"embeddable":true,"href":"https:\/\/ges-agm.com\/pt-br\/wp-json\/wp\/v2\/comments\/?post=19001"}],"version-history":[{"count":0,"href":"https:\/\/ges-agm.com\/pt-br\/wp-json\/wp\/v2\/pages\/19001\/revisions\/"}],"up":[{"embeddable":true,"href":"https:\/\/ges-agm.com\/pt-br\/wp-json\/wp\/v2\/pages\/18999\/"}],"wp:attachment":[{"href":"https:\/\/ges-agm.com\/pt-br\/wp-json\/wp\/v2\/media\/?parent=19001"}],"curies":[{"name":"wp","href":"https:\/\/api.w.org\/{rel}","templated":true}]}}