{"id":18995,"date":"2019-01-30T11:23:43","date_gmt":"2019-01-30T16:23:43","guid":{"rendered":"https:\/\/ges-agm.com\/empresa\/sistema-de-qualidade\/"},"modified":"2020-10-21T15:49:44","modified_gmt":"2020-10-21T19:49:44","slug":"politicas-de-qualidade","status":"publish","type":"page","link":"https:\/\/ges-agm.com\/pt-br\/empresa\/politicas-de-qualidade\/","title":{"rendered":"Pol\u00edticas de qualidade"},"content":{"rendered":"<div class=\"fusion-fullwidth fullwidth-box fusion-builder-row-1 nonhundred-percent-fullwidth non-hundred-percent-height-scrolling\" style=\"--awb-border-radius-top-left:0px;--awb-border-radius-top-right:0px;--awb-border-radius-bottom-right:0px;--awb-border-radius-bottom-left:0px;--awb-flex-wrap:wrap;\" ><div class=\"fusion-builder-row fusion-row\"><div class=\"fusion-layout-column fusion_builder_column fusion-builder-column-0 fusion_builder_column_1_1 1_1 fusion-one-full fusion-column-first fusion-column-last\" style=\"--awb-bg-size:cover;\"><div class=\"fusion-column-wrapper fusion-flex-column-wrapper-legacy\"><div class=\"fusion-title title fusion-title-1 fusion-sep-none fusion-title-text fusion-title-size-one\" style=\"--awb-margin-top-small:0px;--awb-margin-bottom-small:20px;\"><h1 class=\"fusion-title-heading title-heading-left fusion-responsive-typography-calculated\" style=\"margin:0;--fontSize:30;line-height:1.1;\">Pol\u00edticas de qualidade<\/h1><\/div><div class=\"fusion-text fusion-text-1\"><p>A GES-AGM tem ampla experi\u00eancia com fabrica\u00e7\u00e3o e aplica\u00e7\u00f5es de grafite. Nosso time est\u00e1 comprometido com um programa de qualidade preventivo &#8211; reconhecendo problemas que afetam ou podem afetar a qualidade. Processos e procedimentos s\u00f3lidos produzem verdadeira repetibilidade em nossas opera\u00e7\u00f5es de produ\u00e7\u00e3o e produtos para nossos clientes. Junto com a utiliza\u00e7\u00e3o desta abordagem preventiva e programas de treinamento s\u00f3lidos, a GES-AGM aplica seus sistemas de gerenciamento de qualidade em conformidade com as normas ISO 9001:2015 e AS9100D. Os clientes contam com nossa equipe para identificar e corrigir poss\u00edveis problemas que afetam a qualidade e tomar a\u00e7\u00f5es corretivas. <\/p>\n<p>Estamos aqui para atender todas as suas necessidades de grafite e ajudar a sua equipe em todas as \u00e1reas do seu processo de fabrica\u00e7\u00e3o, oferecendo treinamento a seus funcion\u00e1rios no trabalho na redu\u00e7\u00e3o de erros e aumento da sua produtividade e rentabilidade. Al\u00e9m disso, a GES-AGM oferece muitos servi\u00e7os de valor agregado, incluindo: materiais de fabrica\u00e7\u00e3o, an\u00e1lise de desempenho, armazenagem, inspe\u00e7\u00e3o de acess\u00f3rios referentes a eletrodos, fornos de monitoramento, revestimentos anti-ox, reembalagem e suporte t\u00e9cnico .<\/p>\n<p>Na GES-AGM, buscamos qualidade e satisfa\u00e7\u00e3o de todos os nossos produtos. D\u00ea-nos um telefonema e descubra os produtos, servi\u00e7os e suporte da GES-AGM.<\/p>\n<\/div><div class=\"fusion-title title fusion-title-2 fusion-sep-none fusion-title-text fusion-title-size-three\" style=\"--awb-margin-top-small:0px;--awb-margin-bottom-small:20px;\"><h3 class=\"fusion-title-heading title-heading-left fusion-responsive-typography-calculated\" style=\"margin:0;--fontSize:18;--minFontSize:18;line-height:1.3;\">POL\u00cdTICA DE QUALIDADE DA GES-AGM<\/h3><\/div><div class=\"fusion-text fusion-text-2\"><p>Cada funcion\u00e1rio da GES-AGM est\u00e1 empenhado em:<\/p>\n<\/div><ul style=\"--awb-line-height:23.8px;--awb-icon-width:23.8px;--awb-icon-height:23.8px;--awb-icon-margin:9.8px;--awb-content-margin:33.6px;\" class=\"fusion-checklist fusion-checklist-1 fusion-checklist-default type-icons\"><li class=\"fusion-li-item\" style=\"\"><span class=\"icon-wrapper circle-no\"><i class=\"fusion-li-icon fa-check-circle far\" aria-hidden=\"true\"><\/i><\/span><div class=\"fusion-li-item-content\">\n<p>Fornecer os produtos e os servi\u00e7os de qualidade que cumpram todas as exig\u00eancias e expectativas de nossos apreciados clientes<\/p>\n<\/div><\/li><li class=\"fusion-li-item\" style=\"\"><span class=\"icon-wrapper circle-no\"><i class=\"fusion-li-icon fa-check-circle far\" aria-hidden=\"true\"><\/i><\/span><div class=\"fusion-li-item-content\">\n<p>Exercer um compromisso constante com a melhoria cont\u00ednua em todos os n\u00edveis da empresa<\/p>\n<\/div><\/li><li class=\"fusion-li-item\" style=\"\"><span class=\"icon-wrapper circle-no\"><i class=\"fusion-li-icon fa-check-circle far\" aria-hidden=\"true\"><\/i><\/span><div class=\"fusion-li-item-content\">\n<p>Trabalhar em conjunto em um ambiente que capacite e incentiva as pessoas a se destacarem <\/p>\n<\/div><\/li><\/ul><div class=\"fusion-clearfix\"><\/div><\/div><\/div><\/div><\/div>\n","protected":false},"excerpt":{"rendered":"","protected":false},"author":10,"featured_media":0,"parent":18991,"menu_order":0,"comment_status":"closed","ping_status":"closed","template":"","meta":{"footnotes":""},"class_list":["post-18995","page","type-page","status-publish","hentry"],"yoast_head":"<!-- This site is optimized with the Yoast SEO plugin v27.3 - https:\/\/yoast.com\/product\/yoast-seo-wordpress\/ -->\n<title>Pol\u00edticas de qualidade - GES AGM<\/title>\n<meta name=\"robots\" content=\"index, follow, max-snippet:-1, max-image-preview:large, max-video-preview:-1\" \/>\n<link rel=\"canonical\" href=\"https:\/\/ges-agm.com\/empresa\/politicas-de-qualidade\/\" \/>\n<meta property=\"og:locale\" content=\"en_US\" \/>\n<meta property=\"og:type\" content=\"article\" \/>\n<meta property=\"og:title\" content=\"Pol\u00edticas de qualidade - GES AGM\" \/>\n<meta property=\"og:url\" content=\"https:\/\/ges-agm.com\/pt-br\/empresa\/politicas-de-qualidade\/\" \/>\n<meta property=\"og:site_name\" content=\"GES AGM\" \/>\n<meta property=\"article:modified_time\" content=\"2020-10-21T19:49:44+00:00\" \/>\n<meta name=\"twitter:card\" content=\"summary_large_image\" \/>\n<meta name=\"twitter:label1\" content=\"Est. reading time\" \/>\n\t<meta name=\"twitter:data1\" content=\"3 minutes\" \/>\n<script type=\"application\/ld+json\" class=\"yoast-schema-graph\">{\"@context\":\"https:\\\/\\\/schema.org\",\"@graph\":[{\"@type\":\"WebPage\",\"@id\":\"https:\\\/\\\/ges-agm.com\\\/pt-br\\\/empresa\\\/politicas-de-qualidade\\\/\",\"url\":\"https:\\\/\\\/ges-agm.com\\\/pt-br\\\/empresa\\\/politicas-de-qualidade\\\/\",\"name\":\"Pol\u00edticas de qualidade - GES AGM\",\"isPartOf\":{\"@id\":\"https:\\\/\\\/ges-agm.com\\\/#website\"},\"datePublished\":\"2019-01-30T16:23:43+00:00\",\"dateModified\":\"2020-10-21T19:49:44+00:00\",\"breadcrumb\":{\"@id\":\"https:\\\/\\\/ges-agm.com\\\/pt-br\\\/empresa\\\/politicas-de-qualidade\\\/#breadcrumb\"},\"inLanguage\":\"en-US\",\"potentialAction\":[{\"@type\":\"ReadAction\",\"target\":[\"https:\\\/\\\/ges-agm.com\\\/pt-br\\\/empresa\\\/politicas-de-qualidade\\\/\"]}]},{\"@type\":\"BreadcrumbList\",\"@id\":\"https:\\\/\\\/ges-agm.com\\\/pt-br\\\/empresa\\\/politicas-de-qualidade\\\/#breadcrumb\",\"itemListElement\":[{\"@type\":\"ListItem\",\"position\":1,\"name\":\"Home\",\"item\":\"https:\\\/\\\/ges-agm.com\\\/\"},{\"@type\":\"ListItem\",\"position\":2,\"name\":\"Empresa\",\"item\":\"https:\\\/\\\/ges-agm.com\\\/pt-br\\\/empresa\\\/\"},{\"@type\":\"ListItem\",\"position\":3,\"name\":\"Pol\u00edticas de qualidade\"}]},{\"@type\":\"WebSite\",\"@id\":\"https:\\\/\\\/ges-agm.com\\\/#website\",\"url\":\"https:\\\/\\\/ges-agm.com\\\/\",\"name\":\"GES AGM\",\"description\":\"\",\"potentialAction\":[{\"@type\":\"SearchAction\",\"target\":{\"@type\":\"EntryPoint\",\"urlTemplate\":\"https:\\\/\\\/ges-agm.com\\\/?s={search_term_string}\"},\"query-input\":{\"@type\":\"PropertyValueSpecification\",\"valueRequired\":true,\"valueName\":\"search_term_string\"}}],\"inLanguage\":\"en-US\"}]}<\/script>\n<!-- \/ Yoast SEO plugin. -->","yoast_head_json":{"title":"Pol\u00edticas de qualidade - GES AGM","robots":{"index":"index","follow":"follow","max-snippet":"max-snippet:-1","max-image-preview":"max-image-preview:large","max-video-preview":"max-video-preview:-1"},"canonical":"https:\/\/ges-agm.com\/empresa\/politicas-de-qualidade\/","og_locale":"en_US","og_type":"article","og_title":"Pol\u00edticas de qualidade - GES AGM","og_url":"https:\/\/ges-agm.com\/pt-br\/empresa\/politicas-de-qualidade\/","og_site_name":"GES AGM","article_modified_time":"2020-10-21T19:49:44+00:00","twitter_card":"summary_large_image","twitter_misc":{"Est. reading time":"3 minutes"},"schema":{"@context":"https:\/\/schema.org","@graph":[{"@type":"WebPage","@id":"https:\/\/ges-agm.com\/pt-br\/empresa\/politicas-de-qualidade\/","url":"https:\/\/ges-agm.com\/pt-br\/empresa\/politicas-de-qualidade\/","name":"Pol\u00edticas de qualidade - GES AGM","isPartOf":{"@id":"https:\/\/ges-agm.com\/#website"},"datePublished":"2019-01-30T16:23:43+00:00","dateModified":"2020-10-21T19:49:44+00:00","breadcrumb":{"@id":"https:\/\/ges-agm.com\/pt-br\/empresa\/politicas-de-qualidade\/#breadcrumb"},"inLanguage":"en-US","potentialAction":[{"@type":"ReadAction","target":["https:\/\/ges-agm.com\/pt-br\/empresa\/politicas-de-qualidade\/"]}]},{"@type":"BreadcrumbList","@id":"https:\/\/ges-agm.com\/pt-br\/empresa\/politicas-de-qualidade\/#breadcrumb","itemListElement":[{"@type":"ListItem","position":1,"name":"Home","item":"https:\/\/ges-agm.com\/"},{"@type":"ListItem","position":2,"name":"Empresa","item":"https:\/\/ges-agm.com\/pt-br\/empresa\/"},{"@type":"ListItem","position":3,"name":"Pol\u00edticas de qualidade"}]},{"@type":"WebSite","@id":"https:\/\/ges-agm.com\/#website","url":"https:\/\/ges-agm.com\/","name":"GES AGM","description":"","potentialAction":[{"@type":"SearchAction","target":{"@type":"EntryPoint","urlTemplate":"https:\/\/ges-agm.com\/?s={search_term_string}"},"query-input":{"@type":"PropertyValueSpecification","valueRequired":true,"valueName":"search_term_string"}}],"inLanguage":"en-US"}]}},"_links":{"self":[{"href":"https:\/\/ges-agm.com\/pt-br\/wp-json\/wp\/v2\/pages\/18995\/"}],"collection":[{"href":"https:\/\/ges-agm.com\/pt-br\/wp-json\/wp\/v2\/pages\/"}],"about":[{"href":"https:\/\/ges-agm.com\/pt-br\/wp-json\/wp\/v2\/types\/page\/"}],"author":[{"embeddable":true,"href":"https:\/\/ges-agm.com\/pt-br\/wp-json\/wp\/v2\/users\/10\/"}],"replies":[{"embeddable":true,"href":"https:\/\/ges-agm.com\/pt-br\/wp-json\/wp\/v2\/comments\/?post=18995"}],"version-history":[{"count":0,"href":"https:\/\/ges-agm.com\/pt-br\/wp-json\/wp\/v2\/pages\/18995\/revisions\/"}],"up":[{"embeddable":true,"href":"https:\/\/ges-agm.com\/pt-br\/wp-json\/wp\/v2\/pages\/18991\/"}],"wp:attachment":[{"href":"https:\/\/ges-agm.com\/pt-br\/wp-json\/wp\/v2\/media\/?parent=18995"}],"curies":[{"name":"wp","href":"https:\/\/api.w.org\/{rel}","templated":true}]}}