{"id":18991,"date":"2019-01-30T11:09:47","date_gmt":"2019-01-30T16:09:47","guid":{"rendered":"https:\/\/ges-agm.com\/empresa\/"},"modified":"2020-10-27T12:59:13","modified_gmt":"2020-10-27T16:59:13","slug":"empresa","status":"publish","type":"page","link":"https:\/\/ges-agm.com\/pt-br\/empresa\/","title":{"rendered":"Empresa"},"content":{"rendered":"<p><div class=\"fusion-fullwidth fullwidth-box fusion-builder-row-1 nonhundred-percent-fullwidth non-hundred-percent-height-scrolling\" style=\"--awb-border-radius-top-left:0px;--awb-border-radius-top-right:0px;--awb-border-radius-bottom-right:0px;--awb-border-radius-bottom-left:0px;--awb-flex-wrap:wrap;\" ><div class=\"fusion-builder-row fusion-row\"><div class=\"fusion-layout-column fusion_builder_column fusion-builder-column-0 fusion_builder_column_1_3 1_3 fusion-one-third fusion-column-first\" style=\"--awb-bg-size:cover;width:33.333333333333%;width:calc(33.333333333333% - ( ( 4% + 4% ) * 0.33333333333333 ) );margin-right: 4%;\"><div class=\"fusion-column-wrapper fusion-flex-column-wrapper-legacy\"><div class=\"fusion-image-element fusion-image-align-center in-legacy-container\" style=\"text-align:center;--awb-max-width:250px;--awb-caption-title-font-family:var(--h2_typography-font-family);--awb-caption-title-font-weight:var(--h2_typography-font-weight);--awb-caption-title-font-style:var(--h2_typography-font-style);--awb-caption-title-size:var(--h2_typography-font-size);--awb-caption-title-transform:var(--h2_typography-text-transform);--awb-caption-title-line-height:var(--h2_typography-line-height);--awb-caption-title-letter-spacing:var(--h2_typography-letter-spacing);\"><div class=\"imageframe-align-center\"><span class=\" fusion-imageframe imageframe-none imageframe-1 hover-type-none\"><img decoding=\"async\" width=\"700\" height=\"400\" title=\"Inventory-copy-700&#215;400\" src=\"https:\/\/ges-agm.com\/wp-content\/uploads\/Inventory-copy-700x400.jpg\" alt class=\"img-responsive wp-image-18780\" srcset=\"https:\/\/ges-agm.com\/wp-content\/uploads\/Inventory-copy-700x400-200x114.jpg 200w, https:\/\/ges-agm.com\/wp-content\/uploads\/Inventory-copy-700x400-400x229.jpg 400w, https:\/\/ges-agm.com\/wp-content\/uploads\/Inventory-copy-700x400-600x343.jpg 600w\" sizes=\"(max-width: 800px) 100vw, 400px\" \/><\/span><\/div><\/div><div class=\"fusion-sep-clear\"><\/div><div class=\"fusion-separator fusion-full-width-sep\" style=\"margin-left: auto;margin-right: auto;margin-top:15px;width:100%;\"><\/div><div class=\"fusion-sep-clear\"><\/div><div class=\"fusion-title title fusion-title-1 fusion-sep-none fusion-title-center fusion-title-text fusion-title-size-three\" style=\"--awb-margin-top-small:0px;--awb-margin-bottom-small:20px;\"><h3 class=\"fusion-title-heading title-heading-center fusion-responsive-typography-calculated\" style=\"margin:0;--fontSize:18;--minFontSize:18;line-height:1.3;\">Experi\u00eancia<\/h3><\/div><div class=\"fusion-text fusion-text-1\"><p style=\"text-align: center;\">A GES-AGM atua no mercado de grafite h\u00e1 mais de 50 anos com vasta experi\u00eancia em produtos de carbono e grafite.<\/p>\n<\/div><div class=\"fusion-clearfix\"><\/div><\/div><\/div><div class=\"fusion-layout-column fusion_builder_column fusion-builder-column-1 fusion_builder_column_1_3 1_3 fusion-one-third\" style=\"--awb-bg-size:cover;width:33.333333333333%;width:calc(33.333333333333% - ( ( 4% + 4% ) * 0.33333333333333 ) );margin-right: 4%;\"><div class=\"fusion-column-wrapper fusion-flex-column-wrapper-legacy\"><div class=\"fusion-image-element fusion-image-align-center in-legacy-container\" style=\"text-align:center;--awb-max-width:250px;--awb-caption-title-font-family:var(--h2_typography-font-family);--awb-caption-title-font-weight:var(--h2_typography-font-weight);--awb-caption-title-font-style:var(--h2_typography-font-style);--awb-caption-title-size:var(--h2_typography-font-size);--awb-caption-title-transform:var(--h2_typography-text-transform);--awb-caption-title-line-height:var(--h2_typography-line-height);--awb-caption-title-letter-spacing:var(--h2_typography-letter-spacing);\"><div class=\"imageframe-align-center\"><span class=\" fusion-imageframe imageframe-none imageframe-2 hover-type-none\"><img decoding=\"async\" width=\"700\" height=\"400\" title=\"Warehouse-Interior-700&#215;400\" src=\"https:\/\/ges-agm.com\/wp-content\/uploads\/Warehouse-Interior-700x400.jpg\" alt class=\"img-responsive wp-image-18781\" srcset=\"https:\/\/ges-agm.com\/wp-content\/uploads\/Warehouse-Interior-700x400-200x114.jpg 200w, https:\/\/ges-agm.com\/wp-content\/uploads\/Warehouse-Interior-700x400-400x229.jpg 400w, https:\/\/ges-agm.com\/wp-content\/uploads\/Warehouse-Interior-700x400-600x343.jpg 600w\" sizes=\"(max-width: 800px) 100vw, 400px\" \/><\/span><\/div><\/div><div class=\"fusion-sep-clear\"><\/div><div class=\"fusion-separator fusion-full-width-sep\" style=\"margin-left: auto;margin-right: auto;margin-top:15px;width:100%;\"><\/div><div class=\"fusion-sep-clear\"><\/div><div class=\"fusion-title title fusion-title-2 fusion-sep-none fusion-title-center fusion-title-text fusion-title-size-three\" style=\"--awb-margin-top-small:0px;--awb-margin-bottom-small:20px;\"><h3 class=\"fusion-title-heading title-heading-center fusion-responsive-typography-calculated\" style=\"margin:0;--fontSize:18;--minFontSize:18;line-height:1.3;\">Fabrica\u00e7\u00e3o<\/h3><\/div><div class=\"fusion-text fusion-text-2\"><p style=\"text-align: center;\">Com instala\u00e7\u00f5es de f\u00e1brica e armazenamento em toda a Am\u00e9rica do Norte e do Sul, somos capazes de oferecer servi\u00e7os de armazenagem, distribui\u00e7\u00e3o, embalagem, transporte e processamento personalizado de carbono e grafite.<\/p>\n<\/div><div class=\"fusion-clearfix\"><\/div><\/div><\/div><div class=\"fusion-layout-column fusion_builder_column fusion-builder-column-2 fusion_builder_column_1_3 1_3 fusion-one-third fusion-column-last\" style=\"--awb-bg-size:cover;width:33.333333333333%;width:calc(33.333333333333% - ( ( 4% + 4% ) * 0.33333333333333 ) );\"><div class=\"fusion-column-wrapper fusion-flex-column-wrapper-legacy\"><div class=\"fusion-image-element fusion-image-align-center in-legacy-container\" style=\"text-align:center;--awb-max-width:250px;--awb-caption-title-font-family:var(--h2_typography-font-family);--awb-caption-title-font-weight:var(--h2_typography-font-weight);--awb-caption-title-font-style:var(--h2_typography-font-style);--awb-caption-title-size:var(--h2_typography-font-size);--awb-caption-title-transform:var(--h2_typography-text-transform);--awb-caption-title-line-height:var(--h2_typography-line-height);--awb-caption-title-letter-spacing:var(--h2_typography-letter-spacing);\"><div class=\"imageframe-align-center\"><span class=\" fusion-imageframe imageframe-none imageframe-3 hover-type-none\"><img decoding=\"async\" width=\"700\" height=\"400\" title=\"Electrodes-copy-700&#215;400\" src=\"https:\/\/ges-agm.com\/wp-content\/uploads\/Electrodes-copy-700x400.jpg\" alt class=\"img-responsive wp-image-18782\" srcset=\"https:\/\/ges-agm.com\/wp-content\/uploads\/Electrodes-copy-700x400-200x114.jpg 200w, https:\/\/ges-agm.com\/wp-content\/uploads\/Electrodes-copy-700x400-400x229.jpg 400w, https:\/\/ges-agm.com\/wp-content\/uploads\/Electrodes-copy-700x400-600x343.jpg 600w\" sizes=\"(max-width: 800px) 100vw, 400px\" \/><\/span><\/div><\/div><div class=\"fusion-sep-clear\"><\/div><div class=\"fusion-separator fusion-full-width-sep\" style=\"margin-left: auto;margin-right: auto;margin-top:15px;width:100%;\"><\/div><div class=\"fusion-sep-clear\"><\/div><div class=\"fusion-title title fusion-title-3 fusion-sep-none fusion-title-center fusion-title-text fusion-title-size-three\" style=\"--awb-margin-top-small:0px;--awb-margin-bottom-small:20px;\"><h3 class=\"fusion-title-heading title-heading-center fusion-responsive-typography-calculated\" style=\"margin:0;--fontSize:18;--minFontSize:18;line-height:1.3;\">Especializa\u00e7\u00e3o t\u00e9cnica<\/h3><\/div><div class=\"fusion-text fusion-text-3\"><p style=\"text-align: center;\">A GES-AGM tem uma equipe de peritos t\u00e9cnicos nos campos de carbono e de grafite. Somos capazes de ajudar a nossos clientes a criar solu\u00e7\u00f5es para todas as suas necessidades.<\/p>\n<\/div><div class=\"fusion-clearfix\"><\/div><\/div><\/div><div class=\"fusion-layout-column fusion_builder_column fusion-builder-column-3 fusion_builder_column_1_1 1_1 fusion-one-full fusion-column-first fusion-column-last\" style=\"--awb-bg-size:cover;\"><div class=\"fusion-column-wrapper fusion-flex-column-wrapper-legacy\"><div class=\"fusion-sep-clear\"><\/div><div class=\"fusion-separator fusion-full-width-sep\" style=\"margin-left: auto;margin-right: auto;width:100%;\"><div class=\"fusion-separator-border sep-single sep-solid\" style=\"--awb-height:20px;--awb-amount:20px;border-color:#e0dede;border-top-width:1px;\"><\/div><\/div><div class=\"fusion-sep-clear\"><\/div><div class=\"fusion-clearfix\"><\/div><\/div><\/div><\/div><\/div><div class=\"fusion-fullwidth fullwidth-box fusion-builder-row-2 nonhundred-percent-fullwidth non-hundred-percent-height-scrolling\" style=\"--awb-border-radius-top-left:0px;--awb-border-radius-top-right:0px;--awb-border-radius-bottom-right:0px;--awb-border-radius-bottom-left:0px;--awb-padding-bottom:-50px;--awb-margin-bottom:-50px;--awb-flex-wrap:wrap;\" ><div class=\"fusion-builder-row fusion-row\"><div class=\"fusion-layout-column fusion_builder_column fusion-builder-column-4 fusion_builder_column_1_1 1_1 fusion-one-full fusion-column-first fusion-column-last\" style=\"--awb-bg-size:cover;\"><div class=\"fusion-column-wrapper fusion-flex-column-wrapper-legacy\"><div class=\"fusion-title title fusion-title-4 fusion-sep-none fusion-title-center fusion-title-text fusion-title-size-one\" style=\"--awb-margin-top-small:0px;--awb-margin-bottom-small:20px;\"><h1 class=\"fusion-title-heading title-heading-center fusion-responsive-typography-calculated\" style=\"margin:0;--fontSize:30;line-height:1.1;\">Hist\u00f3ria<\/h1><\/div><div class=\"fusion-builder-row fusion-builder-row-inner fusion-row\"><div class=\"fusion-layout-column fusion_builder_column_inner fusion-builder-nested-column-0 fusion_builder_column_inner_1_6 1_6 fusion-one-sixth fusion-column-first fusion-no-small-visibility\" style=\"--awb-bg-size:cover;width:16.666666666667%;width:calc(16.666666666667% - ( ( 4% ) * 0.16666666666667 ) );margin-right: 4%;\"><div class=\"fusion-column-wrapper fusion-flex-column-wrapper-legacy\"><div class=\"fusion-fa-align-right\"><i class=\"fb-icon-element-1 fb-icon-element fontawesome-icon fa-cogs fas circle-yes\" style=\"--awb-circlebordersize:1px;--awb-font-size:22px;--awb-width:44px;--awb-height:44px;--awb-line-height:42px;--awb-margin-left:12.5px;\"><\/i><\/div><div class=\"fusion-clearfix\"><\/div><\/div><\/div><div class=\"fusion-layout-column fusion_builder_column_inner fusion-builder-nested-column-1 fusion_builder_column_inner_5_6 5_6 fusion-five-sixth fusion-column-last\" style=\"--awb-bg-size:cover;width:83.333333333333%;width:calc(83.333333333333% - ( ( 4% ) * 0.83333333333333 ) );\"><div class=\"fusion-column-wrapper fusion-flex-column-wrapper-legacy\"><div class=\"fusion-title title fusion-title-5 fusion-sep-none fusion-title-text fusion-title-size-three\" style=\"--awb-margin-bottom:10px;--awb-margin-top-small:0px;--awb-margin-bottom-small:20px;--awb-font-size:20px;\"><h3 class=\"fusion-title-heading title-heading-left fusion-responsive-typography-calculated\" style=\"margin:0;font-size:1em;--fontSize:20;--minFontSize:20;line-height:1.3;\">1958: H.M. Kearny Co. Founded<\/h3><\/div><div class=\"fusion-text fusion-text-4\"><p>Harry M. Kearney vendia principalmente produtos de consumo para a ind\u00fastria de fundi\u00e7\u00e3o e a\u00e7o. Em 1966, Harry come\u00e7ou a importar eletrodos de grafite japoneses para os Estados Unidos.<\/p>\n<\/div><div class=\"fusion-clearfix\"><\/div><\/div><\/div><\/div><div class=\"fusion-builder-row fusion-builder-row-inner fusion-row\"><div class=\"fusion-layout-column fusion_builder_column_inner fusion-builder-nested-column-2 fusion_builder_column_inner_1_6 1_6 fusion-one-sixth fusion-column-first fusion-no-small-visibility\" style=\"--awb-bg-size:cover;width:16.666666666667%;width:calc(16.666666666667% - ( ( 4% ) * 0.16666666666667 ) );margin-right: 4%;\"><div class=\"fusion-column-wrapper fusion-flex-column-wrapper-legacy\"><div class=\"fusion-fa-align-right\"><i class=\"fb-icon-element-2 fb-icon-element fontawesome-icon fa-bolt fas circle-yes\" style=\"--awb-circlebordersize:1px;--awb-font-size:22px;--awb-width:44px;--awb-height:44px;--awb-line-height:42px;--awb-margin-left:12.5px;\"><\/i><\/div><div class=\"fusion-clearfix\"><\/div><\/div><\/div><div class=\"fusion-layout-column fusion_builder_column_inner fusion-builder-nested-column-3 fusion_builder_column_inner_5_6 5_6 fusion-five-sixth fusion-column-last\" style=\"--awb-bg-size:cover;width:83.333333333333%;width:calc(83.333333333333% - ( ( 4% ) * 0.83333333333333 ) );\"><div class=\"fusion-column-wrapper fusion-flex-column-wrapper-legacy\"><div class=\"fusion-title title fusion-title-6 fusion-sep-none fusion-title-text fusion-title-size-three\" style=\"--awb-margin-bottom:10px;--awb-margin-top-small:0px;--awb-margin-bottom-small:20px;--awb-font-size:20px;\"><h3 class=\"fusion-title-heading title-heading-left fusion-responsive-typography-calculated\" style=\"margin:0;font-size:1em;--fontSize:20;--minFontSize:20;line-height:1.3;\">1985: GES-AGM \u00e9 constitu\u00edda<\/h3><\/div><div class=\"fusion-text fusion-text-5\"><p>Keith Kearney vendeu eletrodos de pequeno di\u00e2metro e grafite especial para o mercado dos EUA.<\/p>\n<\/div><div class=\"fusion-clearfix\"><\/div><\/div><\/div><\/div><div class=\"fusion-builder-row fusion-builder-row-inner fusion-row\"><div class=\"fusion-layout-column fusion_builder_column_inner fusion-builder-nested-column-4 fusion_builder_column_inner_1_6 1_6 fusion-one-sixth fusion-column-first fusion-no-small-visibility\" style=\"--awb-bg-size:cover;width:16.666666666667%;width:calc(16.666666666667% - ( ( 4% ) * 0.16666666666667 ) );margin-right: 4%;\"><div class=\"fusion-column-wrapper fusion-flex-column-wrapper-legacy\"><div class=\"fusion-fa-align-right\"><i class=\"fb-icon-element-3 fb-icon-element fontawesome-icon fa-globe-africa fas circle-yes\" style=\"--awb-circlebordersize:1px;--awb-font-size:22px;--awb-width:44px;--awb-height:44px;--awb-line-height:42px;--awb-margin-left:12.5px;\"><\/i><\/div><div class=\"fusion-clearfix\"><\/div><\/div><\/div><div class=\"fusion-layout-column fusion_builder_column_inner fusion-builder-nested-column-5 fusion_builder_column_inner_5_6 5_6 fusion-five-sixth fusion-column-last\" style=\"--awb-bg-size:cover;width:83.333333333333%;width:calc(83.333333333333% - ( ( 4% ) * 0.83333333333333 ) );\"><div class=\"fusion-column-wrapper fusion-flex-column-wrapper-legacy\"><div class=\"fusion-title title fusion-title-7 fusion-sep-none fusion-title-text fusion-title-size-three\" style=\"--awb-margin-bottom:10px;--awb-margin-top-small:0px;--awb-margin-bottom-small:20px;--awb-font-size:20px;\"><h3 class=\"fusion-title-heading title-heading-left fusion-responsive-typography-calculated\" style=\"margin:0;font-size:1em;--fontSize:20;--minFontSize:20;line-height:1.3;\">2010: Funda\u00e7\u00e3o da GES SP, LLC<\/h3><\/div><div class=\"fusion-text fusion-text-6\"><p>Uma oportunidade se apresentou para criar um modelo de neg\u00f3cio similar \u00e0 GES Graphite na Am\u00e9rica do Sul. Em 2014, a GES identificou a necessidade de construir uma planta de grafite para produzir produtos de grafite com mais valor agregado.<\/p>\n<\/div><div class=\"fusion-clearfix\"><\/div><\/div><\/div><\/div><div class=\"fusion-builder-row fusion-builder-row-inner fusion-row\"><div class=\"fusion-layout-column fusion_builder_column_inner fusion-builder-nested-column-6 fusion_builder_column_inner_1_6 1_6 fusion-one-sixth fusion-column-first fusion-no-small-visibility\" style=\"--awb-bg-size:cover;width:16.666666666667%;width:calc(16.666666666667% - ( ( 4% ) * 0.16666666666667 ) );margin-right: 4%;\"><div class=\"fusion-column-wrapper fusion-flex-column-wrapper-legacy\"><div class=\"fusion-fa-align-right\"><i class=\"fb-icon-element-4 fb-icon-element fontawesome-icon fa-newspaper fas circle-yes\" style=\"--awb-circlebordersize:1px;--awb-font-size:22px;--awb-width:44px;--awb-height:44px;--awb-line-height:42px;--awb-margin-left:12.5px;\"><\/i><\/div><div class=\"fusion-clearfix\"><\/div><\/div><\/div><div class=\"fusion-layout-column fusion_builder_column_inner fusion-builder-nested-column-7 fusion_builder_column_inner_5_6 5_6 fusion-five-sixth fusion-column-last\" style=\"--awb-bg-size:cover;width:83.333333333333%;width:calc(83.333333333333% - ( ( 4% ) * 0.83333333333333 ) );\"><div class=\"fusion-column-wrapper fusion-flex-column-wrapper-legacy\"><div class=\"fusion-title title fusion-title-8 fusion-sep-none fusion-title-text fusion-title-size-three\" style=\"--awb-margin-bottom:10px;--awb-margin-top-small:0px;--awb-margin-bottom-small:20px;--awb-font-size:20px;\"><h3 class=\"fusion-title-heading title-heading-left fusion-responsive-typography-calculated\" style=\"margin:0;font-size:1em;--fontSize:20;--minFontSize:20;line-height:1.3;\">2017: GES-AGM \u00e9 formada<\/h3><\/div><div class=\"fusion-text fusion-text-7\"><p>A GES orquestrou a compra das instala\u00e7\u00f5es da GrafTech em outubro de 2017 em Parma, OH. A GES Graphite, Inc. se tornou uma nova marca, GES-AGM, em 2018 ap\u00f3s a compra.  <\/p>\n<\/div><div class=\"fusion-clearfix\"><\/div><\/div><\/div><\/div><div class=\"fusion-sep-clear\"><\/div><div class=\"fusion-separator fusion-full-width-sep\" style=\"margin-left: auto;margin-right: auto;margin-top:100px;width:100%;\"><div class=\"fusion-separator-border sep-single sep-solid\" style=\"--awb-height:20px;--awb-amount:20px;border-color:#e0dede;border-top-width:1px;\"><\/div><\/div><div class=\"fusion-sep-clear\"><\/div><div class=\"fusion-clearfix\"><\/div><\/div><\/div><\/div><\/div><\/p>\n","protected":false},"excerpt":{"rendered":"","protected":false},"author":5,"featured_media":0,"parent":0,"menu_order":0,"comment_status":"closed","ping_status":"closed","template":"","meta":{"footnotes":""},"class_list":["post-18991","page","type-page","status-publish","hentry"],"yoast_head":"<!-- This site is optimized with the Yoast SEO plugin v27.4 - https:\/\/yoast.com\/product\/yoast-seo-wordpress\/ -->\n<title>Empresa - GES AGM<\/title>\n<meta name=\"robots\" content=\"index, follow, max-snippet:-1, max-image-preview:large, max-video-preview:-1\" \/>\n<link rel=\"canonical\" href=\"https:\/\/ges-agm.com\/empresa\/\" \/>\n<meta property=\"og:locale\" content=\"en_US\" \/>\n<meta property=\"og:type\" content=\"article\" \/>\n<meta property=\"og:title\" content=\"Empresa - GES AGM\" \/>\n<meta property=\"og:url\" content=\"https:\/\/ges-agm.com\/pt-br\/empresa\/\" \/>\n<meta property=\"og:site_name\" content=\"GES AGM\" \/>\n<meta property=\"article:modified_time\" content=\"2020-10-27T16:59:13+00:00\" \/>\n<meta name=\"twitter:card\" content=\"summary_large_image\" \/>\n<meta name=\"twitter:label1\" content=\"Est. reading time\" \/>\n\t<meta name=\"twitter:data1\" content=\"13 minutes\" \/>\n<script type=\"application\/ld+json\" class=\"yoast-schema-graph\">{\"@context\":\"https:\\\/\\\/schema.org\",\"@graph\":[{\"@type\":\"WebPage\",\"@id\":\"https:\\\/\\\/ges-agm.com\\\/pt-br\\\/empresa\\\/\",\"url\":\"https:\\\/\\\/ges-agm.com\\\/pt-br\\\/empresa\\\/\",\"name\":\"Empresa - GES AGM\",\"isPartOf\":{\"@id\":\"https:\\\/\\\/ges-agm.com\\\/#website\"},\"datePublished\":\"2019-01-30T16:09:47+00:00\",\"dateModified\":\"2020-10-27T16:59:13+00:00\",\"breadcrumb\":{\"@id\":\"https:\\\/\\\/ges-agm.com\\\/pt-br\\\/empresa\\\/#breadcrumb\"},\"inLanguage\":\"en-US\",\"potentialAction\":[{\"@type\":\"ReadAction\",\"target\":[\"https:\\\/\\\/ges-agm.com\\\/pt-br\\\/empresa\\\/\"]}]},{\"@type\":\"BreadcrumbList\",\"@id\":\"https:\\\/\\\/ges-agm.com\\\/pt-br\\\/empresa\\\/#breadcrumb\",\"itemListElement\":[{\"@type\":\"ListItem\",\"position\":1,\"name\":\"Home\",\"item\":\"https:\\\/\\\/ges-agm.com\\\/\"},{\"@type\":\"ListItem\",\"position\":2,\"name\":\"Empresa\"}]},{\"@type\":\"WebSite\",\"@id\":\"https:\\\/\\\/ges-agm.com\\\/#website\",\"url\":\"https:\\\/\\\/ges-agm.com\\\/\",\"name\":\"GES AGM\",\"description\":\"\",\"potentialAction\":[{\"@type\":\"SearchAction\",\"target\":{\"@type\":\"EntryPoint\",\"urlTemplate\":\"https:\\\/\\\/ges-agm.com\\\/?s={search_term_string}\"},\"query-input\":{\"@type\":\"PropertyValueSpecification\",\"valueRequired\":true,\"valueName\":\"search_term_string\"}}],\"inLanguage\":\"en-US\"}]}<\/script>\n<!-- \/ Yoast SEO plugin. -->","yoast_head_json":{"title":"Empresa - GES AGM","robots":{"index":"index","follow":"follow","max-snippet":"max-snippet:-1","max-image-preview":"max-image-preview:large","max-video-preview":"max-video-preview:-1"},"canonical":"https:\/\/ges-agm.com\/empresa\/","og_locale":"en_US","og_type":"article","og_title":"Empresa - GES AGM","og_url":"https:\/\/ges-agm.com\/pt-br\/empresa\/","og_site_name":"GES AGM","article_modified_time":"2020-10-27T16:59:13+00:00","twitter_card":"summary_large_image","twitter_misc":{"Est. reading time":"13 minutes"},"schema":{"@context":"https:\/\/schema.org","@graph":[{"@type":"WebPage","@id":"https:\/\/ges-agm.com\/pt-br\/empresa\/","url":"https:\/\/ges-agm.com\/pt-br\/empresa\/","name":"Empresa - GES AGM","isPartOf":{"@id":"https:\/\/ges-agm.com\/#website"},"datePublished":"2019-01-30T16:09:47+00:00","dateModified":"2020-10-27T16:59:13+00:00","breadcrumb":{"@id":"https:\/\/ges-agm.com\/pt-br\/empresa\/#breadcrumb"},"inLanguage":"en-US","potentialAction":[{"@type":"ReadAction","target":["https:\/\/ges-agm.com\/pt-br\/empresa\/"]}]},{"@type":"BreadcrumbList","@id":"https:\/\/ges-agm.com\/pt-br\/empresa\/#breadcrumb","itemListElement":[{"@type":"ListItem","position":1,"name":"Home","item":"https:\/\/ges-agm.com\/"},{"@type":"ListItem","position":2,"name":"Empresa"}]},{"@type":"WebSite","@id":"https:\/\/ges-agm.com\/#website","url":"https:\/\/ges-agm.com\/","name":"GES AGM","description":"","potentialAction":[{"@type":"SearchAction","target":{"@type":"EntryPoint","urlTemplate":"https:\/\/ges-agm.com\/?s={search_term_string}"},"query-input":{"@type":"PropertyValueSpecification","valueRequired":true,"valueName":"search_term_string"}}],"inLanguage":"en-US"}]}},"_links":{"self":[{"href":"https:\/\/ges-agm.com\/pt-br\/wp-json\/wp\/v2\/pages\/18991\/"}],"collection":[{"href":"https:\/\/ges-agm.com\/pt-br\/wp-json\/wp\/v2\/pages\/"}],"about":[{"href":"https:\/\/ges-agm.com\/pt-br\/wp-json\/wp\/v2\/types\/page\/"}],"author":[{"embeddable":true,"href":"https:\/\/ges-agm.com\/pt-br\/wp-json\/wp\/v2\/users\/5\/"}],"replies":[{"embeddable":true,"href":"https:\/\/ges-agm.com\/pt-br\/wp-json\/wp\/v2\/comments\/?post=18991"}],"version-history":[{"count":0,"href":"https:\/\/ges-agm.com\/pt-br\/wp-json\/wp\/v2\/pages\/18991\/revisions\/"}],"wp:attachment":[{"href":"https:\/\/ges-agm.com\/pt-br\/wp-json\/wp\/v2\/media\/?parent=18991"}],"curies":[{"name":"wp","href":"https:\/\/api.w.org\/{rel}","templated":true}]}}