{"id":19102,"date":"2019-02-03T17:49:10","date_gmt":"2019-02-03T22:49:10","guid":{"rendered":"https:\/\/ges-agm.com\/tungsteno\/"},"modified":"2020-03-27T09:48:29","modified_gmt":"2020-03-27T13:48:29","slug":"tungsteno","status":"publish","type":"page","link":"https:\/\/ges-agm.com\/es\/tungsteno\/","title":{"rendered":"Tungsteno"},"content":{"rendered":"<div class=\"fusion-fullwidth fullwidth-box fusion-builder-row-1 nonhundred-percent-fullwidth non-hundred-percent-height-scrolling\" style=\"--awb-border-radius-top-left:0px;--awb-border-radius-top-right:0px;--awb-border-radius-bottom-right:0px;--awb-border-radius-bottom-left:0px;--awb-flex-wrap:wrap;\" ><div class=\"fusion-builder-row fusion-row\"><div class=\"fusion-layout-column fusion_builder_column fusion-builder-column-0 fusion_builder_column_1_1 1_1 fusion-one-full fusion-column-first fusion-column-last\" style=\"--awb-bg-size:cover;\"><div class=\"fusion-column-wrapper fusion-flex-column-wrapper-legacy\"><div class=\"fusion-title title fusion-title-1 fusion-sep-none fusion-title-text fusion-title-size-one\" style=\"--awb-margin-top-small:0px;--awb-margin-bottom-small:20px;\"><h1 class=\"fusion-title-heading title-heading-left fusion-responsive-typography-calculated\" style=\"margin:0;--fontSize:30;line-height:1.1;\">Tungsteno<\/h1><\/div><div class=\"fusion-text fusion-text-1\"><p>El metal de tungsteno tiene el punto de fusi\u00f3n m\u00e1s alto y la presi\u00f3n de vapor m\u00e1s baja de todos los metales. El tungsteno met\u00e1lico tiene una densidad muy alta y un bajo coeficiente de dilataci\u00f3n t\u00e9rmica. El polvo met\u00e1lico de tungsteno se utiliza como materia prima para la producci\u00f3n de tungsteno sinterizado y aleaciones de tungsteno.<\/p>\n<\/div><div class=\"fusion-text fusion-text-2\"><p>El carburo de tungsteno tiene una dureza extremadamente alta, un alto m\u00f3dulo de elasticidad y una alta conductividad t\u00e9rmica. Este polvo se usa t\u00edpicamente como materia prima que es cr\u00edtica para las propiedades de la aleaci\u00f3n.<\/p>\n<\/div><div class=\"fusion-tabs fusion-tabs-1 classic nav-is-justified horizontal-tabs icon-position-left mobile-mode-accordion\" style=\"--awb-title-border-radius-top-left:0px;--awb-title-border-radius-top-right:0px;--awb-title-border-radius-bottom-right:0px;--awb-title-border-radius-bottom-left:0px;--awb-inactive-color:#ebeaea;--awb-background-color:#ffffff;--awb-border-color:#ebeaea;--awb-active-border-color:#07914f;\"><div class=\"nav\"><ul class=\"nav-tabs nav-justified\" role=\"tablist\"><li class=\"active\" role=\"presentation\"><a class=\"tab-link\" data-toggle=\"tab\" role=\"tab\" aria-controls=\"tab-9c926848baa72af97ba\" aria-selected=\"true\" id=\"fusion-tab-metaltungsteno\" href=\"#tab-9c926848baa72af97ba\"><h4 class=\"fusion-tab-heading\">Metal Tungsteno<\/h4><\/a><\/li><li role=\"presentation\"><a class=\"tab-link\" data-toggle=\"tab\" role=\"tab\" aria-controls=\"tab-db172a98f42f85845b2\" aria-selected=\"false\" tabindex=\"-1\" id=\"fusion-tab-carburodetungsteno\" href=\"#tab-db172a98f42f85845b2\"><h4 class=\"fusion-tab-heading\">Carburo de Tungsteno<\/h4><\/a><\/li><\/ul><\/div><div class=\"tab-content\"><div class=\"nav fusion-mobile-tab-nav\"><ul class=\"nav-tabs nav-justified\" role=\"tablist\"><li class=\"active\" role=\"presentation\"><a class=\"tab-link\" data-toggle=\"tab\" role=\"tab\" aria-controls=\"tab-9c926848baa72af97ba\" aria-selected=\"true\" id=\"mobile-fusion-tab-metaltungsteno\" href=\"#tab-9c926848baa72af97ba\"><h4 class=\"fusion-tab-heading\">Metal Tungsteno<\/h4><\/a><\/li><\/ul><\/div><div class=\"tab-pane fade fusion-clearfix in active\" role=\"tabpanel\" tabindex=\"0\" aria-labelledby=\"fusion-tab-metaltungsteno\" id=\"tab-9c926848baa72af97ba\">\n<div class=\"table-1\">\n<table width=\"\">\n<tbody>\n<tr>\n<td style=\"text-align: center;\" width=\"\"><strong>Tipo<\/strong><\/td>\n<td style=\"text-align: center;\" width=\"\"><strong>Tama\u00f1o de Part\u00edcula<\/strong><\/td>\n<td style=\"text-align: center;\" width=\"\"><strong>Densidad Aparente<\/strong><\/td>\n<td style=\"text-align: center;\" width=\"\"><strong>Tama\u00f1o de Tamiz<\/strong><\/td>\n<td style=\"text-align: center;\" width=\"\"><\/td>\n<td style=\"text-align: center;\" width=\"\"><\/td>\n<\/tr>\n<tr>\n<td><\/td>\n<td style=\"text-align: center;\"><strong>Microns<\/strong><\/td>\n<td style=\"text-align: center;\"><strong>g\/in3<\/strong><\/td>\n<td style=\"text-align: center;\"><strong>Malla<\/strong><\/td>\n<td><\/td>\n<td><\/td>\n<\/tr>\n<tr>\n<td style=\"text-align: center;\">K1<\/td>\n<td style=\"text-align: center;\">0.60-0.99<\/td>\n<td style=\"text-align: center;\">20-40<\/td>\n<td style=\"text-align: center;\">100<\/td>\n<td style=\"text-align: center;\"><\/td>\n<td style=\"text-align: center;\"><\/td>\n<\/tr>\n<tr>\n<td style=\"text-align: center;\">K3<\/td>\n<td style=\"text-align: center;\">1.00-1.39<\/td>\n<td style=\"text-align: center;\">25-50<\/td>\n<td style=\"text-align: center;\">100<\/td>\n<td style=\"text-align: center;\"><\/td>\n<td><\/td>\n<\/tr>\n<tr>\n<td style=\"text-align: center;\">K5<\/td>\n<td style=\"text-align: center;\">1.40-1.99<\/td>\n<td style=\"text-align: center;\">30-60<\/td>\n<td style=\"text-align: center;\">100<\/td>\n<td><\/td>\n<td><\/td>\n<\/tr>\n<tr>\n<td style=\"text-align: center;\">K7<\/td>\n<td style=\"text-align: center;\">2.00-3.99<\/td>\n<td style=\"text-align: center;\">35-70<\/td>\n<td style=\"text-align: center;\">200<\/td>\n<td style=\"text-align: center;\"><\/td>\n<td style=\"text-align: center;\"><\/td>\n<\/tr>\n<tr>\n<td style=\"text-align: center;\">K9<\/td>\n<td style=\"text-align: center;\">4.00-5.99<\/td>\n<td style=\"text-align: center;\">40-80<\/td>\n<td style=\"text-align: center;\">200<\/td>\n<td style=\"text-align: center;\"><\/td>\n<td style=\"text-align: center;\"><\/td>\n<\/tr>\n<tr>\n<td style=\"text-align: center;\">K15<\/td>\n<td style=\"text-align: center;\">6.00-9.99<\/td>\n<td style=\"text-align: center;\">50-90<\/td>\n<td style=\"text-align: center;\">200<\/td>\n<td style=\"text-align: center;\"><\/td>\n<td style=\"text-align: center;\"><\/td>\n<\/tr>\n<tr>\n<td style=\"text-align: center;\">K25<\/td>\n<td style=\"text-align: center;\">10.00-18.99<\/td>\n<td style=\"text-align: center;\">60-115<\/td>\n<td style=\"text-align: center;\">100<\/td>\n<td><\/td>\n<td><\/td>\n<\/tr>\n<tr>\n<td style=\"text-align: center;\">K50<\/td>\n<td style=\"text-align: center;\">19.00-29.99<\/td>\n<td style=\"text-align: center;\">70-140<\/td>\n<td style=\"text-align: center;\">60<\/td>\n<td><\/td>\n<td><\/td>\n<\/tr>\n<tr>\n<td style=\"text-align: center;\">K75<\/td>\n<td style=\"text-align: center;\">&gt;30.00<\/td>\n<td style=\"text-align: center;\">90-140<\/td>\n<td style=\"text-align: center;\">80<\/td>\n<td><\/td>\n<td><\/td>\n<\/tr>\n<tr>\n<td><\/td>\n<td><\/td>\n<td><\/td>\n<td><\/td>\n<td><\/td>\n<td><\/td>\n<\/tr>\n<tr>\n<td style=\"text-align: center;\" colspan=\"6\"><strong>Impurezas Met\u00e1licas (WT%)<\/strong><\/td>\n<\/tr>\n<tr>\n<td style=\"text-align: center;\"><strong>Elemento<\/strong><\/td>\n<td style=\"text-align: center;\"><strong>M\u00e1x<\/strong><\/td>\n<td style=\"text-align: center;\"><strong>T\u00edpico<\/strong><\/td>\n<td style=\"text-align: center;\"><strong>Elemento<\/strong><\/td>\n<td style=\"text-align: center;\"><strong>M\u00e1x<\/strong><\/td>\n<td style=\"text-align: center;\"><strong>T\u00edpico<\/strong><\/td>\n<\/tr>\n<tr>\n<td style=\"text-align: center;\">Al<\/td>\n<td style=\"text-align: center;\">0.003<\/td>\n<td style=\"text-align: center;\">&lt;0.001<\/td>\n<td style=\"text-align: center;\">Mo<\/td>\n<td style=\"text-align: center;\">0.01<\/td>\n<td style=\"text-align: center;\">0.002<\/td>\n<\/tr>\n<tr>\n<td style=\"text-align: center;\">Co<\/td>\n<td style=\"text-align: center;\">0.002<\/td>\n<td style=\"text-align: center;\">&lt;0.001<\/td>\n<td style=\"text-align: center;\">Na<\/td>\n<td style=\"text-align: center;\">0.003<\/td>\n<td style=\"text-align: center;\">&lt;0.001<\/td>\n<\/tr>\n<tr>\n<td style=\"text-align: center;\">Cr<\/td>\n<td style=\"text-align: center;\">0.005<\/td>\n<td style=\"text-align: center;\">&lt;0.001<\/td>\n<td style=\"text-align: center;\">Ni<\/td>\n<td style=\"text-align: center;\">0.005<\/td>\n<td style=\"text-align: center;\">0.002<\/td>\n<\/tr>\n<tr>\n<td style=\"text-align: center;\">Cu<\/td>\n<td style=\"text-align: center;\">0.002<\/td>\n<td style=\"text-align: center;\">&lt;0.001<\/td>\n<td style=\"text-align: center;\">Si<\/td>\n<td style=\"text-align: center;\">0.001<\/td>\n<td style=\"text-align: center;\">&lt;0.001<\/td>\n<\/tr>\n<tr>\n<td style=\"text-align: center;\">Fe<\/td>\n<td style=\"text-align: center;\">0.005<\/td>\n<td style=\"text-align: center;\">&lt;0.001<\/td>\n<td style=\"text-align: center;\">Sn<\/td>\n<td style=\"text-align: center;\">0.001<\/td>\n<td style=\"text-align: center;\">&lt;0.001<\/td>\n<\/tr>\n<tr>\n<td style=\"text-align: center;\" colspan=\"6\"><strong>Impurezas No Met\u00e1licas (WT%)<\/strong><\/td>\n<\/tr>\n<tr>\n<td style=\"text-align: center;\"><strong>Tipo<\/strong><\/td>\n<td style=\"text-align: center;\"><strong>Carbono<\/strong><\/td>\n<td style=\"text-align: center;\" colspan=\"4\"><strong>Ox\u00edgeno (P\u00e9rdida en la Reducci\u00f3n)<\/strong><\/td>\n<\/tr>\n<tr>\n<td style=\"text-align: center;\">K1<\/td>\n<td style=\"text-align: center;\">&lt;0.010<\/td>\n<td style=\"text-align: center;\" colspan=\"4\">&lt;0.350<\/td>\n<\/tr>\n<tr>\n<td style=\"text-align: center;\">K3<\/td>\n<td style=\"text-align: center;\">&lt;0.008<\/td>\n<td style=\"text-align: center;\" colspan=\"4\">&lt;0.200<\/td>\n<\/tr>\n<tr>\n<td style=\"text-align: center;\">K5<\/td>\n<td style=\"text-align: center;\">&lt;0.005<\/td>\n<td style=\"text-align: center;\" colspan=\"4\">&lt;0.120<\/td>\n<\/tr>\n<tr>\n<td style=\"text-align: center;\">K7<\/td>\n<td style=\"text-align: center;\">&lt;0.004<\/td>\n<td style=\"text-align: center;\" colspan=\"4\">&lt;0.080<\/td>\n<\/tr>\n<tr>\n<td style=\"text-align: center;\">K9<\/td>\n<td style=\"text-align: center;\">&lt;0.004<\/td>\n<td style=\"text-align: center;\" colspan=\"4\">&lt;0.070<\/td>\n<\/tr>\n<tr>\n<td style=\"text-align: center;\">K15<\/td>\n<td style=\"text-align: center;\">&lt;0.004<\/td>\n<td style=\"text-align: center;\" colspan=\"4\">&lt;0.070<\/td>\n<\/tr>\n<tr>\n<td style=\"text-align: center;\">K25<\/td>\n<td style=\"text-align: center;\">&lt;0.008<\/td>\n<td style=\"text-align: center;\" colspan=\"4\">&lt;0.070<\/td>\n<\/tr>\n<tr>\n<td style=\"text-align: center;\">K50<\/td>\n<td style=\"text-align: center;\">&lt;0.008<\/td>\n<td style=\"text-align: center;\" colspan=\"4\">&lt;0.070<\/td>\n<\/tr>\n<tr>\n<td style=\"text-align: center;\">K75<\/td>\n<td style=\"text-align: center;\">&lt;0.008<\/td>\n<td style=\"text-align: center;\" colspan=\"4\">&lt;0.070<\/td>\n<\/tr>\n<tr>\n<td style=\"text-align: center;\" colspan=\"6\"><strong>Tungsteno (WT%) &gt;99.9% Excluyendo Gases<\/strong><\/td>\n<\/tr>\n<\/tbody>\n<\/table>\n<\/div>\n<\/div><div class=\"nav fusion-mobile-tab-nav\"><ul class=\"nav-tabs nav-justified\" role=\"tablist\"><li role=\"presentation\"><a class=\"tab-link\" data-toggle=\"tab\" role=\"tab\" aria-controls=\"tab-db172a98f42f85845b2\" aria-selected=\"false\" tabindex=\"-1\" id=\"mobile-fusion-tab-carburodetungsteno\" href=\"#tab-db172a98f42f85845b2\"><h4 class=\"fusion-tab-heading\">Carburo de Tungsteno<\/h4><\/a><\/li><\/ul><\/div><div class=\"tab-pane fade fusion-clearfix\" role=\"tabpanel\" tabindex=\"0\" aria-labelledby=\"fusion-tab-carburodetungsteno\" id=\"tab-db172a98f42f85845b2\">\n<div class=\"table-1\">\n<table width=\"100%\">\n<thead>\n<tr>\n<th style=\"text-align: center;\" align=\"left\">Dimensionado<\/th>\n<th style=\"text-align: center;\" align=\"left\">Microns<\/th>\n<\/tr>\n<\/thead>\n<tbody>\n<tr>\n<td style=\"text-align: center;\" align=\"left\">KC1<\/td>\n<td style=\"text-align: center;\" align=\"left\">0.80-0.99<\/td>\n<\/tr>\n<tr>\n<td style=\"text-align: center;\" align=\"left\">KC2<\/td>\n<td style=\"text-align: center;\" align=\"left\">1.00-1.99<\/td>\n<\/tr>\n<tr>\n<td style=\"text-align: center;\" align=\"left\">KC3<\/td>\n<td style=\"text-align: center;\" align=\"left\">2.00-5.99<\/td>\n<\/tr>\n<tr>\n<td style=\"text-align: center;\" align=\"left\">KC4<\/td>\n<td style=\"text-align: center;\" align=\"left\">6.00-8.99<\/td>\n<\/tr>\n<tr>\n<td style=\"text-align: center;\" align=\"left\">KC5<\/td>\n<td style=\"text-align: center;\" align=\"left\">9.00-13.99<\/td>\n<\/tr>\n<tr>\n<td style=\"text-align: center;\" align=\"left\">KC6<\/td>\n<td style=\"text-align: center;\" align=\"left\">14.00-24.99<\/td>\n<\/tr>\n<tr>\n<td style=\"text-align: center;\" align=\"left\">KC7<\/td>\n<td style=\"text-align: center;\" align=\"left\">25.00-50.00<\/td>\n<\/tr>\n<tr>\n<td style=\"text-align: center;\" colspan=\"2\"><strong>An\u00e1lisis Qu\u00edmico<\/strong><\/td>\n<\/tr>\n<tr>\n<td style=\"text-align: center;\" align=\"left\">Tungsteno<\/td>\n<td style=\"text-align: center;\" align=\"left\">94%<\/td>\n<\/tr>\n<tr>\n<td style=\"text-align: center;\" align=\"left\">Carbono<\/td>\n<td style=\"text-align: center;\" align=\"left\">6%<\/td>\n<\/tr>\n<tr>\n<td style=\"text-align: center;\" colspan=\"2\">Impurezas<\/td>\n<\/tr>\n<tr>\n<td style=\"text-align: center;\" align=\"left\">Carbono Libre<\/td>\n<td style=\"text-align: center;\" align=\"left\">0.029%<\/td>\n<\/tr>\n<tr>\n<td style=\"text-align: center;\" align=\"left\">Fe<\/td>\n<td style=\"text-align: center;\" align=\"left\">0.029%<\/td>\n<\/tr>\n<tr>\n<td style=\"text-align: center;\" align=\"left\">Mo<\/td>\n<td style=\"text-align: center;\" align=\"left\">0.01%<\/td>\n<\/tr>\n<\/tbody>\n<\/table>\n<\/div>\n<\/div><\/div><\/div><div class=\"fusion-clearfix\"><\/div><\/div><\/div><\/div><\/div>\n","protected":false},"excerpt":{"rendered":"","protected":false},"author":10,"featured_media":0,"parent":0,"menu_order":0,"comment_status":"closed","ping_status":"closed","template":"","meta":{"footnotes":""},"class_list":["post-19102","page","type-page","status-publish","hentry"],"yoast_head":"<!-- This site is optimized with the Yoast SEO plugin v27.3 - https:\/\/yoast.com\/product\/yoast-seo-wordpress\/ -->\n<title>Tungsteno - GES AGM<\/title>\n<meta name=\"robots\" content=\"index, follow, max-snippet:-1, max-image-preview:large, max-video-preview:-1\" \/>\n<link rel=\"canonical\" href=\"https:\/\/ges-agm.com\/tungsteno\/\" \/>\n<meta property=\"og:locale\" content=\"en_US\" \/>\n<meta property=\"og:type\" content=\"article\" \/>\n<meta property=\"og:title\" content=\"Tungsteno - GES AGM\" \/>\n<meta property=\"og:url\" content=\"https:\/\/ges-agm.com\/es\/tungsteno\/\" \/>\n<meta property=\"og:site_name\" content=\"GES AGM\" \/>\n<meta property=\"article:modified_time\" content=\"2020-03-27T13:48:29+00:00\" \/>\n<meta name=\"twitter:card\" content=\"summary_large_image\" \/>\n<meta name=\"twitter:label1\" content=\"Est. reading time\" \/>\n\t<meta name=\"twitter:data1\" content=\"3 minutes\" \/>\n<script type=\"application\/ld+json\" class=\"yoast-schema-graph\">{\"@context\":\"https:\\\/\\\/schema.org\",\"@graph\":[{\"@type\":\"WebPage\",\"@id\":\"https:\\\/\\\/ges-agm.com\\\/es\\\/tungsteno\\\/\",\"url\":\"https:\\\/\\\/ges-agm.com\\\/es\\\/tungsteno\\\/\",\"name\":\"Tungsteno - GES AGM\",\"isPartOf\":{\"@id\":\"https:\\\/\\\/ges-agm.com\\\/#website\"},\"datePublished\":\"2019-02-03T22:49:10+00:00\",\"dateModified\":\"2020-03-27T13:48:29+00:00\",\"breadcrumb\":{\"@id\":\"https:\\\/\\\/ges-agm.com\\\/es\\\/tungsteno\\\/#breadcrumb\"},\"inLanguage\":\"en-US\",\"potentialAction\":[{\"@type\":\"ReadAction\",\"target\":[\"https:\\\/\\\/ges-agm.com\\\/es\\\/tungsteno\\\/\"]}]},{\"@type\":\"BreadcrumbList\",\"@id\":\"https:\\\/\\\/ges-agm.com\\\/es\\\/tungsteno\\\/#breadcrumb\",\"itemListElement\":[{\"@type\":\"ListItem\",\"position\":1,\"name\":\"Home\",\"item\":\"https:\\\/\\\/ges-agm.com\\\/\"},{\"@type\":\"ListItem\",\"position\":2,\"name\":\"Tungsteno\"}]},{\"@type\":\"WebSite\",\"@id\":\"https:\\\/\\\/ges-agm.com\\\/#website\",\"url\":\"https:\\\/\\\/ges-agm.com\\\/\",\"name\":\"GES AGM\",\"description\":\"\",\"potentialAction\":[{\"@type\":\"SearchAction\",\"target\":{\"@type\":\"EntryPoint\",\"urlTemplate\":\"https:\\\/\\\/ges-agm.com\\\/?s={search_term_string}\"},\"query-input\":{\"@type\":\"PropertyValueSpecification\",\"valueRequired\":true,\"valueName\":\"search_term_string\"}}],\"inLanguage\":\"en-US\"}]}<\/script>\n<!-- \/ Yoast SEO plugin. -->","yoast_head_json":{"title":"Tungsteno - GES AGM","robots":{"index":"index","follow":"follow","max-snippet":"max-snippet:-1","max-image-preview":"max-image-preview:large","max-video-preview":"max-video-preview:-1"},"canonical":"https:\/\/ges-agm.com\/tungsteno\/","og_locale":"en_US","og_type":"article","og_title":"Tungsteno - GES AGM","og_url":"https:\/\/ges-agm.com\/es\/tungsteno\/","og_site_name":"GES AGM","article_modified_time":"2020-03-27T13:48:29+00:00","twitter_card":"summary_large_image","twitter_misc":{"Est. reading time":"3 minutes"},"schema":{"@context":"https:\/\/schema.org","@graph":[{"@type":"WebPage","@id":"https:\/\/ges-agm.com\/es\/tungsteno\/","url":"https:\/\/ges-agm.com\/es\/tungsteno\/","name":"Tungsteno - GES AGM","isPartOf":{"@id":"https:\/\/ges-agm.com\/#website"},"datePublished":"2019-02-03T22:49:10+00:00","dateModified":"2020-03-27T13:48:29+00:00","breadcrumb":{"@id":"https:\/\/ges-agm.com\/es\/tungsteno\/#breadcrumb"},"inLanguage":"en-US","potentialAction":[{"@type":"ReadAction","target":["https:\/\/ges-agm.com\/es\/tungsteno\/"]}]},{"@type":"BreadcrumbList","@id":"https:\/\/ges-agm.com\/es\/tungsteno\/#breadcrumb","itemListElement":[{"@type":"ListItem","position":1,"name":"Home","item":"https:\/\/ges-agm.com\/"},{"@type":"ListItem","position":2,"name":"Tungsteno"}]},{"@type":"WebSite","@id":"https:\/\/ges-agm.com\/#website","url":"https:\/\/ges-agm.com\/","name":"GES AGM","description":"","potentialAction":[{"@type":"SearchAction","target":{"@type":"EntryPoint","urlTemplate":"https:\/\/ges-agm.com\/?s={search_term_string}"},"query-input":{"@type":"PropertyValueSpecification","valueRequired":true,"valueName":"search_term_string"}}],"inLanguage":"en-US"}]}},"_links":{"self":[{"href":"https:\/\/ges-agm.com\/es\/wp-json\/wp\/v2\/pages\/19102\/"}],"collection":[{"href":"https:\/\/ges-agm.com\/es\/wp-json\/wp\/v2\/pages\/"}],"about":[{"href":"https:\/\/ges-agm.com\/es\/wp-json\/wp\/v2\/types\/page\/"}],"author":[{"embeddable":true,"href":"https:\/\/ges-agm.com\/es\/wp-json\/wp\/v2\/users\/10\/"}],"replies":[{"embeddable":true,"href":"https:\/\/ges-agm.com\/es\/wp-json\/wp\/v2\/comments\/?post=19102"}],"version-history":[{"count":0,"href":"https:\/\/ges-agm.com\/es\/wp-json\/wp\/v2\/pages\/19102\/revisions\/"}],"wp:attachment":[{"href":"https:\/\/ges-agm.com\/es\/wp-json\/wp\/v2\/media\/?parent=19102"}],"curies":[{"name":"wp","href":"https:\/\/api.w.org\/{rel}","templated":true}]}}