{"id":19095,"date":"2019-02-03T17:33:46","date_gmt":"2019-02-03T22:33:46","guid":{"rendered":"https:\/\/ges-agm.com\/refractarios\/"},"modified":"2020-04-08T10:14:01","modified_gmt":"2020-04-08T14:14:01","slug":"refractarios","status":"publish","type":"page","link":"https:\/\/ges-agm.com\/es\/refractarios\/","title":{"rendered":"Bloques de C\u00e1todo y Flanco"},"content":{"rendered":"<div class=\"fusion-fullwidth fullwidth-box fusion-builder-row-1 nonhundred-percent-fullwidth non-hundred-percent-height-scrolling\" style=\"--awb-border-radius-top-left:0px;--awb-border-radius-top-right:0px;--awb-border-radius-bottom-right:0px;--awb-border-radius-bottom-left:0px;--awb-margin-top:-15px;--awb-flex-wrap:wrap;\" ><div class=\"fusion-builder-row fusion-row\"><div class=\"fusion-layout-column fusion_builder_column fusion-builder-column-0 fusion_builder_column_1_1 1_1 fusion-one-full fusion-column-first fusion-column-last\" style=\"--awb-bg-size:cover;\"><div class=\"fusion-column-wrapper fusion-flex-column-wrapper-legacy\"><div class=\"fusion-title title fusion-title-1 fusion-sep-none fusion-title-text fusion-title-size-two\" style=\"--awb-margin-top-small:0px;--awb-margin-bottom-small:20px;\"><h2 class=\"fusion-title-heading title-heading-left fusion-responsive-typography-calculated\" style=\"margin:0;--fontSize:28;line-height:1.2;\">Bloques de C\u00e1todo y Flanco<\/h2><\/div><div class=\"fusion-text fusion-text-1\"><p>Los bloques de C\u00e1todos y Flanco se utilizan principalmente en la industria del aluminio. Tenemos presencia en Am\u00e9rica del Norte y del Sur con instalaciones de fabricaci\u00f3n en China. Adem\u00e1s de la comercializaci\u00f3n y la distribuci\u00f3n, ofrecemos soporte t\u00e9cnico y mantenemos bloques en stock.<\/p>\n<\/div>\n<div class=\"table-1\">\n<table width=\"100%\">\n<thead>\n<tr>\n<th style=\"text-align: center;\" align=\"left\">Propiedades<\/th>\n<th style=\"text-align: center;\" align=\"left\">UOM<\/th>\n<th style=\"text-align: center;\" align=\"left\">Prueba Est\u00e1ndar<\/th>\n<th style=\"text-align: center;\" align=\"left\">GB-73<\/th>\n<th style=\"text-align: center;\" colspan=\"3\">GB-8515<\/th>\n<th style=\"text-align: center;\" colspan=\"2\">GB-G<\/th>\n<\/tr>\n<\/thead>\n<tbody>\n<tr>\n<td style=\"text-align: center;\" align=\"left\">Densidad Real<\/td>\n<td style=\"text-align: center;\" align=\"left\">g\/cc<\/td>\n<td style=\"text-align: center;\" align=\"left\">ASTM C-838<\/td>\n<td style=\"text-align: center;\" align=\"left\">1.92<\/td>\n<td style=\"text-align: center;\" align=\"left\">1.96<\/td>\n<td style=\"text-align: center;\" align=\"left\">1.9<\/td>\n<td style=\"text-align: center;\" align=\"left\">1.94<\/td>\n<td style=\"text-align: center;\" align=\"left\">2.16<\/td>\n<td style=\"text-align: center;\" align=\"left\">2.2<\/td>\n<\/tr>\n<tr>\n<td style=\"text-align: center;\" align=\"left\">Densidad Aparente<\/td>\n<td style=\"text-align: center;\" align=\"left\">g\/cc<\/td>\n<td style=\"text-align: center;\" align=\"left\">ASTM C-559<\/td>\n<td style=\"text-align: center;\" align=\"left\">1.58<\/td>\n<td style=\"text-align: center;\" align=\"left\">1.62<\/td>\n<td style=\"text-align: center;\" align=\"left\">1.56<\/td>\n<td style=\"text-align: center;\" align=\"left\">1.6<\/td>\n<td style=\"text-align: center;\" align=\"left\">1.58<\/td>\n<td style=\"text-align: center;\" align=\"left\">1.62<\/td>\n<\/tr>\n<tr>\n<td style=\"text-align: center;\" align=\"left\">Porosidad<\/td>\n<td style=\"text-align: center;\" align=\"left\">%<\/td>\n<td style=\"text-align: center;\" align=\"left\">ASTM C-830<\/td>\n<td style=\"text-align: center;\" align=\"left\">\u2013<\/td>\n<td style=\"text-align: center;\" align=\"left\">16<\/td>\n<td style=\"text-align: center;\" align=\"left\">\u2013<\/td>\n<td style=\"text-align: center;\" align=\"left\">20<\/td>\n<td style=\"text-align: center;\" align=\"left\">\u2013<\/td>\n<td style=\"text-align: center;\" align=\"left\">25<\/td>\n<\/tr>\n<tr>\n<td style=\"text-align: center;\" align=\"left\">Resistencia a la compresi\u00f3n<\/td>\n<td style=\"text-align: center;\" align=\"left\"><sup>N\/mm2<\/sup><\/td>\n<td style=\"text-align: center;\" align=\"left\">ASTM C-695<\/td>\n<td style=\"text-align: center;\" align=\"left\">24<\/td>\n<td style=\"text-align: center;\" align=\"left\">\u2013<\/td>\n<td style=\"text-align: center;\" align=\"left\">32<\/td>\n<td style=\"text-align: center;\" align=\"left\">\u2013<\/td>\n<td style=\"text-align: center;\" align=\"left\">18<\/td>\n<td style=\"text-align: center;\" align=\"left\">\u2013<\/td>\n<\/tr>\n<tr>\n<td style=\"text-align: center;\" align=\"left\">Resistencia a la flexi\u00f3n<\/td>\n<td style=\"text-align: center;\" align=\"left\"><sup>N\/mm2<\/sup><\/td>\n<td style=\"text-align: center;\" align=\"left\">ASTM C-651<\/td>\n<td style=\"text-align: center;\" align=\"left\">8<\/td>\n<td style=\"text-align: center;\" align=\"left\">\u2013<\/td>\n<td style=\"text-align: center;\" align=\"left\">7.5<\/td>\n<td style=\"text-align: center;\" align=\"left\">\u2013<\/td>\n<td style=\"text-align: center;\" align=\"left\">9<\/td>\n<td style=\"text-align: center;\" align=\"left\">\u2013<\/td>\n<\/tr>\n<tr>\n<td style=\"text-align: center;\" align=\"left\">M\u00f3dulo de Young<\/td>\n<td style=\"text-align: center;\" align=\"left\"><sup>N\/mm2<\/sup><\/td>\n<td style=\"text-align: center;\" align=\"left\">ASTM C-747<\/td>\n<td style=\"text-align: center;\" align=\"left\">\u2013<\/td>\n<td style=\"text-align: center;\" align=\"left\">10<\/td>\n<td style=\"text-align: center;\" align=\"left\">\u2013<\/td>\n<td style=\"text-align: center;\" align=\"left\">10<\/td>\n<td style=\"text-align: center;\" align=\"left\">\u2013<\/td>\n<td style=\"text-align: center;\" align=\"left\">8<\/td>\n<\/tr>\n<tr>\n<td style=\"text-align: center;\" align=\"left\">Resistividad El\u00e9ctrica<\/td>\n<td style=\"text-align: center;\" align=\"left\">\u00b5\u2126m<\/td>\n<td style=\"text-align: center;\" align=\"left\">ASTM C-611<\/td>\n<td style=\"text-align: center;\" align=\"left\">32<\/td>\n<td style=\"text-align: center;\" align=\"left\">38<\/td>\n<td style=\"text-align: center;\" align=\"left\">28<\/td>\n<td style=\"text-align: center;\" align=\"left\">40<\/td>\n<td style=\"text-align: center;\" align=\"left\">8<\/td>\n<td style=\"text-align: center;\" align=\"left\">11<\/td>\n<\/tr>\n<tr>\n<td style=\"text-align: center;\" align=\"left\">Coeficiente de Dilataci\u00f3n T\u00e9rmica<\/td>\n<td style=\"text-align: center;\" align=\"left\">1\/K&#x25aa;10-6<\/td>\n<td style=\"text-align: center;\" align=\"left\">ASTM E-228<\/td>\n<td style=\"text-align: center;\" align=\"left\">\u2013<\/td>\n<td style=\"text-align: center;\" align=\"left\">3.8<\/td>\n<td style=\"text-align: center;\" align=\"left\">\u2013<\/td>\n<td style=\"text-align: center;\" align=\"left\">4<\/td>\n<td style=\"text-align: center;\" align=\"left\">\u2013<\/td>\n<td style=\"text-align: center;\" align=\"left\">3.5<\/td>\n<\/tr>\n<tr>\n<td style=\"text-align: center;\" align=\"left\">Conductividad t\u00e9rmica @ 30\u25e6C<\/td>\n<td style=\"text-align: center;\" align=\"left\">W\/mK<\/td>\n<td style=\"text-align: center;\" align=\"left\">ASTM C-201<\/td>\n<td style=\"text-align: center;\" align=\"left\">12<\/td>\n<td style=\"text-align: center;\" align=\"left\">\u2013<\/td>\n<td style=\"text-align: center;\" align=\"left\">7<\/td>\n<td style=\"text-align: center;\" align=\"left\">\u2013<\/td>\n<td style=\"text-align: center;\" align=\"left\">80<\/td>\n<td style=\"text-align: center;\" align=\"left\">\u2013<\/td>\n<\/tr>\n<tr>\n<td style=\"text-align: center;\" align=\"left\">Contenido de Ceniza<\/td>\n<td style=\"text-align: center;\" align=\"left\">%<\/td>\n<td style=\"text-align: center;\" align=\"left\">ASTM C-561<\/td>\n<td style=\"text-align: center;\" align=\"left\">\u2013<\/td>\n<td style=\"text-align: center;\" align=\"left\">4<\/td>\n<td style=\"text-align: center;\" align=\"left\">\u2013<\/td>\n<td style=\"text-align: center;\" align=\"left\">7<\/td>\n<td style=\"text-align: center;\" align=\"left\">\u2013<\/td>\n<td style=\"text-align: center;\" align=\"left\">0.5<\/td>\n<\/tr>\n<tr>\n<td style=\"text-align: center;\" align=\"left\">Expansi\u00f3n S\u00f3dica<\/td>\n<td style=\"text-align: center;\" align=\"left\">%<\/td>\n<td style=\"text-align: center;\" align=\"left\">Rapoport<\/td>\n<td style=\"text-align: center;\" align=\"left\">\u2013<\/td>\n<td style=\"text-align: center;\" align=\"left\">0.7<\/td>\n<td style=\"text-align: center;\" align=\"left\">\u2013<\/td>\n<td style=\"text-align: center;\" align=\"left\">0.7<\/td>\n<td style=\"text-align: center;\" align=\"left\">\u2013<\/td>\n<td style=\"text-align: center;\" align=\"left\">0.7<\/td>\n<\/tr>\n<\/tbody>\n<\/table>\n<\/div>\n<div class=\"fusion-clearfix\"><\/div><\/div><\/div><\/div><\/div>\n","protected":false},"excerpt":{"rendered":"","protected":false},"author":10,"featured_media":0,"parent":0,"menu_order":0,"comment_status":"closed","ping_status":"closed","template":"","meta":{"footnotes":""},"class_list":["post-19095","page","type-page","status-publish","hentry"],"yoast_head":"<!-- This site is optimized with the Yoast SEO plugin v27.3 - https:\/\/yoast.com\/product\/yoast-seo-wordpress\/ -->\n<title>Bloques de C\u00e1todo y Flanco - GES AGM<\/title>\n<meta name=\"robots\" content=\"index, follow, max-snippet:-1, max-image-preview:large, max-video-preview:-1\" \/>\n<link rel=\"canonical\" href=\"https:\/\/ges-agm.com\/refractarios\/\" \/>\n<meta property=\"og:locale\" content=\"en_US\" \/>\n<meta property=\"og:type\" content=\"article\" \/>\n<meta property=\"og:title\" content=\"Bloques de C\u00e1todo y Flanco - GES AGM\" \/>\n<meta property=\"og:url\" content=\"https:\/\/ges-agm.com\/es\/refractarios\/\" \/>\n<meta property=\"og:site_name\" content=\"GES AGM\" \/>\n<meta property=\"article:modified_time\" content=\"2020-04-08T14:14:01+00:00\" \/>\n<meta name=\"twitter:card\" content=\"summary_large_image\" \/>\n<meta name=\"twitter:label1\" content=\"Est. reading time\" \/>\n\t<meta name=\"twitter:data1\" content=\"2 minutes\" \/>\n<script type=\"application\/ld+json\" class=\"yoast-schema-graph\">{\"@context\":\"https:\\\/\\\/schema.org\",\"@graph\":[{\"@type\":\"WebPage\",\"@id\":\"https:\\\/\\\/ges-agm.com\\\/es\\\/refractarios\\\/\",\"url\":\"https:\\\/\\\/ges-agm.com\\\/es\\\/refractarios\\\/\",\"name\":\"Bloques de C\u00e1todo y Flanco - GES AGM\",\"isPartOf\":{\"@id\":\"https:\\\/\\\/ges-agm.com\\\/#website\"},\"datePublished\":\"2019-02-03T22:33:46+00:00\",\"dateModified\":\"2020-04-08T14:14:01+00:00\",\"breadcrumb\":{\"@id\":\"https:\\\/\\\/ges-agm.com\\\/es\\\/refractarios\\\/#breadcrumb\"},\"inLanguage\":\"en-US\",\"potentialAction\":[{\"@type\":\"ReadAction\",\"target\":[\"https:\\\/\\\/ges-agm.com\\\/es\\\/refractarios\\\/\"]}]},{\"@type\":\"BreadcrumbList\",\"@id\":\"https:\\\/\\\/ges-agm.com\\\/es\\\/refractarios\\\/#breadcrumb\",\"itemListElement\":[{\"@type\":\"ListItem\",\"position\":1,\"name\":\"Home\",\"item\":\"https:\\\/\\\/ges-agm.com\\\/\"},{\"@type\":\"ListItem\",\"position\":2,\"name\":\"Bloques de C\u00e1todo y Flanco\"}]},{\"@type\":\"WebSite\",\"@id\":\"https:\\\/\\\/ges-agm.com\\\/#website\",\"url\":\"https:\\\/\\\/ges-agm.com\\\/\",\"name\":\"GES AGM\",\"description\":\"\",\"potentialAction\":[{\"@type\":\"SearchAction\",\"target\":{\"@type\":\"EntryPoint\",\"urlTemplate\":\"https:\\\/\\\/ges-agm.com\\\/?s={search_term_string}\"},\"query-input\":{\"@type\":\"PropertyValueSpecification\",\"valueRequired\":true,\"valueName\":\"search_term_string\"}}],\"inLanguage\":\"en-US\"}]}<\/script>\n<!-- \/ Yoast SEO plugin. -->","yoast_head_json":{"title":"Bloques de C\u00e1todo y Flanco - GES AGM","robots":{"index":"index","follow":"follow","max-snippet":"max-snippet:-1","max-image-preview":"max-image-preview:large","max-video-preview":"max-video-preview:-1"},"canonical":"https:\/\/ges-agm.com\/refractarios\/","og_locale":"en_US","og_type":"article","og_title":"Bloques de C\u00e1todo y Flanco - GES AGM","og_url":"https:\/\/ges-agm.com\/es\/refractarios\/","og_site_name":"GES AGM","article_modified_time":"2020-04-08T14:14:01+00:00","twitter_card":"summary_large_image","twitter_misc":{"Est. reading time":"2 minutes"},"schema":{"@context":"https:\/\/schema.org","@graph":[{"@type":"WebPage","@id":"https:\/\/ges-agm.com\/es\/refractarios\/","url":"https:\/\/ges-agm.com\/es\/refractarios\/","name":"Bloques de C\u00e1todo y Flanco - GES AGM","isPartOf":{"@id":"https:\/\/ges-agm.com\/#website"},"datePublished":"2019-02-03T22:33:46+00:00","dateModified":"2020-04-08T14:14:01+00:00","breadcrumb":{"@id":"https:\/\/ges-agm.com\/es\/refractarios\/#breadcrumb"},"inLanguage":"en-US","potentialAction":[{"@type":"ReadAction","target":["https:\/\/ges-agm.com\/es\/refractarios\/"]}]},{"@type":"BreadcrumbList","@id":"https:\/\/ges-agm.com\/es\/refractarios\/#breadcrumb","itemListElement":[{"@type":"ListItem","position":1,"name":"Home","item":"https:\/\/ges-agm.com\/"},{"@type":"ListItem","position":2,"name":"Bloques de C\u00e1todo y Flanco"}]},{"@type":"WebSite","@id":"https:\/\/ges-agm.com\/#website","url":"https:\/\/ges-agm.com\/","name":"GES AGM","description":"","potentialAction":[{"@type":"SearchAction","target":{"@type":"EntryPoint","urlTemplate":"https:\/\/ges-agm.com\/?s={search_term_string}"},"query-input":{"@type":"PropertyValueSpecification","valueRequired":true,"valueName":"search_term_string"}}],"inLanguage":"en-US"}]}},"_links":{"self":[{"href":"https:\/\/ges-agm.com\/es\/wp-json\/wp\/v2\/pages\/19095\/"}],"collection":[{"href":"https:\/\/ges-agm.com\/es\/wp-json\/wp\/v2\/pages\/"}],"about":[{"href":"https:\/\/ges-agm.com\/es\/wp-json\/wp\/v2\/types\/page\/"}],"author":[{"embeddable":true,"href":"https:\/\/ges-agm.com\/es\/wp-json\/wp\/v2\/users\/10\/"}],"replies":[{"embeddable":true,"href":"https:\/\/ges-agm.com\/es\/wp-json\/wp\/v2\/comments\/?post=19095"}],"version-history":[{"count":0,"href":"https:\/\/ges-agm.com\/es\/wp-json\/wp\/v2\/pages\/19095\/revisions\/"}],"wp:attachment":[{"href":"https:\/\/ges-agm.com\/es\/wp-json\/wp\/v2\/media\/?parent=19095"}],"curies":[{"name":"wp","href":"https:\/\/api.w.org\/{rel}","templated":true}]}}