{"id":19053,"date":"2019-02-03T16:18:27","date_gmt":"2019-02-03T21:18:27","guid":{"rendered":"https:\/\/ges-agm.com\/empresa\/sistema-de-calidad\/"},"modified":"2020-10-21T13:33:25","modified_gmt":"2020-10-21T17:33:25","slug":"politicas-de-calidad","status":"publish","type":"page","link":"https:\/\/ges-agm.com\/es\/empresa\/politicas-de-calidad\/","title":{"rendered":"Pol\u00edticas de calidad"},"content":{"rendered":"<div class=\"fusion-fullwidth fullwidth-box fusion-builder-row-1 nonhundred-percent-fullwidth non-hundred-percent-height-scrolling\" style=\"--awb-border-radius-top-left:0px;--awb-border-radius-top-right:0px;--awb-border-radius-bottom-right:0px;--awb-border-radius-bottom-left:0px;--awb-flex-wrap:wrap;\" ><div class=\"fusion-builder-row fusion-row\"><div class=\"fusion-layout-column fusion_builder_column fusion-builder-column-0 fusion_builder_column_1_1 1_1 fusion-one-full fusion-column-first fusion-column-last\" style=\"--awb-bg-size:cover;\"><div class=\"fusion-column-wrapper fusion-flex-column-wrapper-legacy\"><div class=\"fusion-title title fusion-title-1 fusion-sep-none fusion-title-text fusion-title-size-one\" style=\"--awb-margin-top-small:0px;--awb-margin-bottom-small:20px;\"><h1 class=\"fusion-title-heading title-heading-left fusion-responsive-typography-calculated\" style=\"margin:0;--fontSize:30;line-height:1.1;\">Pol\u00edticas de calidad<\/h1><\/div><div class=\"fusion-text fusion-text-1\"><p>GES-AGM tiene una amplia experiencia en la fabricaci\u00f3n y aplicaciones de grafito. Nuestros equipos en las ubicaciones de GES-AGM creen firmemente y est\u00e1n comprometidos con un programa de calidad preventivo, reconociendo los problemas que afectan o pueden afectar la calidad. Los s\u00f3lidos procesos y procedimientos aceptados producen una verdadera repetibilidad en nuestras operaciones de producci\u00f3n y productos para nuestros clientes. Junto con la utilizaci\u00f3n de este enfoque preventivo y programas de capacitaci\u00f3n s\u00f3lidos y s\u00f3lidos, GES-AGM aplica sus sistemas de gesti\u00f3n de calidad que cumplen con las normas ISO 9001: 2015 y AS9100D. Los clientes han llegado a contar con nuestro equipo para identificar y corregir problemas potenciales que afectan la calidad y tomar acciones correctivas antes de que ocurran.<\/p>\n<\/div><div class=\"fusion-title title fusion-title-2 fusion-sep-none fusion-title-text fusion-title-size-three\" style=\"--awb-margin-top-small:0px;--awb-margin-bottom-small:20px;\"><h3 class=\"fusion-title-heading title-heading-left fusion-responsive-typography-calculated\" style=\"margin:0;--fontSize:18;--minFontSize:18;line-height:1.3;\">POL\u00cdTICA DE CALIDADE DE GES-AGM<\/h3><\/div><div class=\"fusion-text fusion-text-2\"><p>Cada empleado de GES-AGM se compromete a:<\/p>\n<\/div><ul style=\"--awb-line-height:23.8px;--awb-icon-width:23.8px;--awb-icon-height:23.8px;--awb-icon-margin:9.8px;--awb-content-margin:33.6px;\" class=\"fusion-checklist fusion-checklist-1 fusion-checklist-default type-icons\"><li class=\"fusion-li-item\" style=\"\"><span class=\"icon-wrapper circle-no\"><i class=\"fusion-li-icon fa-check-circle far\" aria-hidden=\"true\"><\/i><\/span><div class=\"fusion-li-item-content\">\n<p>Proporcionar productos y servicios de calidad que cumplan con todos los requisitos y expectativas de nuestros valiosos clientes<\/p>\n<\/div><\/li><li class=\"fusion-li-item\" style=\"\"><span class=\"icon-wrapper circle-no\"><i class=\"fusion-li-icon fa-check-circle far\" aria-hidden=\"true\"><\/i><\/span><div class=\"fusion-li-item-content\">\n<p>Ejercer un compromiso continuo con la mejora continua en todos los niveles de la compa\u00f1\u00eda<\/p>\n<\/div><\/li><li class=\"fusion-li-item\" style=\"\"><span class=\"icon-wrapper circle-no\"><i class=\"fusion-li-icon fa-check-circle far\" aria-hidden=\"true\"><\/i><\/span><div class=\"fusion-li-item-content\">\n<p>Trabajar juntos en un entorno de equipo que empodere y se aliente a las personas a sobresalir<\/p>\n<\/div><\/li><\/ul><div class=\"fusion-clearfix\"><\/div><\/div><\/div><\/div><\/div>\n","protected":false},"excerpt":{"rendered":"","protected":false},"author":10,"featured_media":0,"parent":19040,"menu_order":0,"comment_status":"closed","ping_status":"closed","template":"","meta":{"footnotes":""},"class_list":["post-19053","page","type-page","status-publish","hentry"],"yoast_head":"<!-- This site is optimized with the Yoast SEO plugin v27.4 - https:\/\/yoast.com\/product\/yoast-seo-wordpress\/ -->\n<title>Pol\u00edticas de calidad - GES AGM<\/title>\n<meta name=\"robots\" content=\"index, follow, max-snippet:-1, max-image-preview:large, max-video-preview:-1\" \/>\n<link rel=\"canonical\" href=\"https:\/\/ges-agm.com\/empresa\/politicas-de-calidad\/\" \/>\n<meta property=\"og:locale\" content=\"en_US\" \/>\n<meta property=\"og:type\" content=\"article\" \/>\n<meta property=\"og:title\" content=\"Pol\u00edticas de calidad - GES AGM\" \/>\n<meta property=\"og:url\" content=\"https:\/\/ges-agm.com\/es\/empresa\/politicas-de-calidad\/\" \/>\n<meta property=\"og:site_name\" content=\"GES AGM\" \/>\n<meta property=\"article:modified_time\" content=\"2020-10-21T17:33:25+00:00\" \/>\n<meta name=\"twitter:card\" content=\"summary_large_image\" \/>\n<meta name=\"twitter:label1\" content=\"Est. reading time\" \/>\n\t<meta name=\"twitter:data1\" content=\"3 minutes\" \/>\n<script type=\"application\/ld+json\" class=\"yoast-schema-graph\">{\"@context\":\"https:\\\/\\\/schema.org\",\"@graph\":[{\"@type\":\"WebPage\",\"@id\":\"https:\\\/\\\/ges-agm.com\\\/es\\\/empresa\\\/politicas-de-calidad\\\/\",\"url\":\"https:\\\/\\\/ges-agm.com\\\/es\\\/empresa\\\/politicas-de-calidad\\\/\",\"name\":\"Pol\u00edticas de calidad - GES AGM\",\"isPartOf\":{\"@id\":\"https:\\\/\\\/ges-agm.com\\\/#website\"},\"datePublished\":\"2019-02-03T21:18:27+00:00\",\"dateModified\":\"2020-10-21T17:33:25+00:00\",\"breadcrumb\":{\"@id\":\"https:\\\/\\\/ges-agm.com\\\/es\\\/empresa\\\/politicas-de-calidad\\\/#breadcrumb\"},\"inLanguage\":\"en-US\",\"potentialAction\":[{\"@type\":\"ReadAction\",\"target\":[\"https:\\\/\\\/ges-agm.com\\\/es\\\/empresa\\\/politicas-de-calidad\\\/\"]}]},{\"@type\":\"BreadcrumbList\",\"@id\":\"https:\\\/\\\/ges-agm.com\\\/es\\\/empresa\\\/politicas-de-calidad\\\/#breadcrumb\",\"itemListElement\":[{\"@type\":\"ListItem\",\"position\":1,\"name\":\"Home\",\"item\":\"https:\\\/\\\/ges-agm.com\\\/\"},{\"@type\":\"ListItem\",\"position\":2,\"name\":\"Empresa\",\"item\":\"https:\\\/\\\/ges-agm.com\\\/es\\\/empresa\\\/\"},{\"@type\":\"ListItem\",\"position\":3,\"name\":\"Pol\u00edticas de calidad\"}]},{\"@type\":\"WebSite\",\"@id\":\"https:\\\/\\\/ges-agm.com\\\/#website\",\"url\":\"https:\\\/\\\/ges-agm.com\\\/\",\"name\":\"GES AGM\",\"description\":\"\",\"potentialAction\":[{\"@type\":\"SearchAction\",\"target\":{\"@type\":\"EntryPoint\",\"urlTemplate\":\"https:\\\/\\\/ges-agm.com\\\/?s={search_term_string}\"},\"query-input\":{\"@type\":\"PropertyValueSpecification\",\"valueRequired\":true,\"valueName\":\"search_term_string\"}}],\"inLanguage\":\"en-US\"}]}<\/script>\n<!-- \/ Yoast SEO plugin. -->","yoast_head_json":{"title":"Pol\u00edticas de calidad - GES AGM","robots":{"index":"index","follow":"follow","max-snippet":"max-snippet:-1","max-image-preview":"max-image-preview:large","max-video-preview":"max-video-preview:-1"},"canonical":"https:\/\/ges-agm.com\/empresa\/politicas-de-calidad\/","og_locale":"en_US","og_type":"article","og_title":"Pol\u00edticas de calidad - GES AGM","og_url":"https:\/\/ges-agm.com\/es\/empresa\/politicas-de-calidad\/","og_site_name":"GES AGM","article_modified_time":"2020-10-21T17:33:25+00:00","twitter_card":"summary_large_image","twitter_misc":{"Est. reading time":"3 minutes"},"schema":{"@context":"https:\/\/schema.org","@graph":[{"@type":"WebPage","@id":"https:\/\/ges-agm.com\/es\/empresa\/politicas-de-calidad\/","url":"https:\/\/ges-agm.com\/es\/empresa\/politicas-de-calidad\/","name":"Pol\u00edticas de calidad - GES AGM","isPartOf":{"@id":"https:\/\/ges-agm.com\/#website"},"datePublished":"2019-02-03T21:18:27+00:00","dateModified":"2020-10-21T17:33:25+00:00","breadcrumb":{"@id":"https:\/\/ges-agm.com\/es\/empresa\/politicas-de-calidad\/#breadcrumb"},"inLanguage":"en-US","potentialAction":[{"@type":"ReadAction","target":["https:\/\/ges-agm.com\/es\/empresa\/politicas-de-calidad\/"]}]},{"@type":"BreadcrumbList","@id":"https:\/\/ges-agm.com\/es\/empresa\/politicas-de-calidad\/#breadcrumb","itemListElement":[{"@type":"ListItem","position":1,"name":"Home","item":"https:\/\/ges-agm.com\/"},{"@type":"ListItem","position":2,"name":"Empresa","item":"https:\/\/ges-agm.com\/es\/empresa\/"},{"@type":"ListItem","position":3,"name":"Pol\u00edticas de calidad"}]},{"@type":"WebSite","@id":"https:\/\/ges-agm.com\/#website","url":"https:\/\/ges-agm.com\/","name":"GES AGM","description":"","potentialAction":[{"@type":"SearchAction","target":{"@type":"EntryPoint","urlTemplate":"https:\/\/ges-agm.com\/?s={search_term_string}"},"query-input":{"@type":"PropertyValueSpecification","valueRequired":true,"valueName":"search_term_string"}}],"inLanguage":"en-US"}]}},"_links":{"self":[{"href":"https:\/\/ges-agm.com\/es\/wp-json\/wp\/v2\/pages\/19053\/"}],"collection":[{"href":"https:\/\/ges-agm.com\/es\/wp-json\/wp\/v2\/pages\/"}],"about":[{"href":"https:\/\/ges-agm.com\/es\/wp-json\/wp\/v2\/types\/page\/"}],"author":[{"embeddable":true,"href":"https:\/\/ges-agm.com\/es\/wp-json\/wp\/v2\/users\/10\/"}],"replies":[{"embeddable":true,"href":"https:\/\/ges-agm.com\/es\/wp-json\/wp\/v2\/comments\/?post=19053"}],"version-history":[{"count":0,"href":"https:\/\/ges-agm.com\/es\/wp-json\/wp\/v2\/pages\/19053\/revisions\/"}],"up":[{"embeddable":true,"href":"https:\/\/ges-agm.com\/es\/wp-json\/wp\/v2\/pages\/19040\/"}],"wp:attachment":[{"href":"https:\/\/ges-agm.com\/es\/wp-json\/wp\/v2\/media\/?parent=19053"}],"curies":[{"name":"wp","href":"https:\/\/api.w.org\/{rel}","templated":true}]}}