{"id":19037,"date":"2019-02-03T14:19:28","date_gmt":"2019-02-03T19:19:28","guid":{"rendered":"https:\/\/ges-agm.com\/ceramica\/"},"modified":"2019-02-03T14:19:30","modified_gmt":"2019-02-03T19:19:30","slug":"ceramica","status":"publish","type":"page","link":"https:\/\/ges-agm.com\/es\/ceramica\/","title":{"rendered":"Cer\u00e1mica"},"content":{"rendered":"<div class=\"fusion-fullwidth fullwidth-box fusion-builder-row-1 nonhundred-percent-fullwidth non-hundred-percent-height-scrolling\" style=\"--awb-border-radius-top-left:0px;--awb-border-radius-top-right:0px;--awb-border-radius-bottom-right:0px;--awb-border-radius-bottom-left:0px;--awb-flex-wrap:wrap;\" ><div class=\"fusion-builder-row fusion-row\"><div class=\"fusion-layout-column fusion_builder_column fusion-builder-column-0 fusion_builder_column_1_1 1_1 fusion-one-full fusion-column-first fusion-column-last\" style=\"--awb-bg-size:cover;\"><div class=\"fusion-column-wrapper fusion-flex-column-wrapper-legacy\"><div class=\"fusion-title title fusion-title-1 fusion-sep-none fusion-title-text fusion-title-size-one\" style=\"--awb-margin-top-small:0px;--awb-margin-bottom-small:20px;\"><h1 class=\"fusion-title-heading title-heading-left fusion-responsive-typography-calculated\" style=\"margin:0;--fontSize:30;line-height:1.1;\">Silicato de calcio<\/h1><\/div><div class=\"fusion-text fusion-text-1\"><p>Las piezas de silicato de calcio de GES-AGM se utilizan normalmente en aplicaciones de metal fundido. Nuestras instalaciones de fabricaci\u00f3n en los EE.UU. y en Brasil cuentan con m\u00e1quinas CNC de \u00faltima generaci\u00f3n para producir piezas y formas complejas. Hay muchas aplicaciones para el material que incluyen: ca\u00f1os mecanizados (tubos de derrame), flotadores de barras o lingotes, puntas de colada continua, placas\/cabezales de transici\u00f3n, revestimientos de canaletas, cajas de cabezales, presas de metal fundido, placas deflectoras y revestimientos de hornos. Todos los productos no contienen amianto, son no humectantes y tienen excelentes caracter\u00edsticas de mecanizado.<\/p>\n<\/div>\n<div class=\"table-1\">\n<table width=\"100%\">\n<tbody>\n<tr>\n<th style=\"text-align: center;\" colspan=\"2\">Grado<\/th>\n<th style=\"text-align: center;\" colspan=\"2\">G140<\/th>\n<th style=\"text-align: center;\" colspan=\"2\">G170<\/th>\n<\/tr>\n<\/tbody>\n<tbody>\n<tr>\n<td style=\"text-align: center;\" colspan=\"2\">Composici\u00f3n qu\u00edmica<\/td>\n<td style=\"text-align: center;\" colspan=\"2\">Al2O3, SiO2<\/td>\n<td style=\"text-align: center;\" colspan=\"2\">Al2O3, SiO2<\/td>\n<\/tr>\n<tr>\n<td style=\"text-align: center;\" colspan=\"2\">Temp. de Aplicaci\u00f3n<\/td>\n<td style=\"text-align: center;\" colspan=\"2\">Max. 850\u00b0C<\/td>\n<td style=\"text-align: center;\" colspan=\"2\">Max. 900\u00b0C<\/td>\n<\/tr>\n<tr>\n<td style=\"text-align: center;\" colspan=\"2\">Color<\/td>\n<td style=\"text-align: center;\" colspan=\"2\">Blanco<\/td>\n<td style=\"text-align: center;\" colspan=\"2\">Blanco<\/td>\n<\/tr>\n<tr>\n<td style=\"text-align: center;\" colspan=\"2\">Densidad<\/td>\n<td style=\"text-align: center;\" colspan=\"2\">850 kg\/m3<\/td>\n<td style=\"text-align: center;\" colspan=\"2\">900 kg\/m3<\/td>\n<\/tr>\n<tr>\n<td style=\"text-align: center;\" colspan=\"2\">Resistencia a la compresi\u00f3n<\/td>\n<td style=\"text-align: center;\" colspan=\"2\">16 Mpa<\/td>\n<td style=\"text-align: center;\" colspan=\"2\">18 Mpa<\/td>\n<\/tr>\n<tr>\n<td style=\"text-align: center;\" colspan=\"2\">Resistencia a la flexi\u00f3n<\/td>\n<td style=\"text-align: center;\" colspan=\"2\">8 Mpa<\/td>\n<td style=\"text-align: center;\" colspan=\"2\">9 Mpa<\/td>\n<\/tr>\n<tr>\n<td style=\"text-align: center;\" colspan=\"2\">Conductividad t\u00e9rmica<\/td>\n<th style=\"text-align: center;\">\u00b0C<\/th>\n<td style=\"text-align: center;\">W\/mK<\/td>\n<th style=\"text-align: center;\">\u00b0C<\/th>\n<td style=\"text-align: center;\">W\/mK<\/td>\n<\/tr>\n<tr>\n<th colspan=\"2\"><\/th>\n<td style=\"text-align: center;\">300<\/td>\n<td style=\"text-align: center;\">0.199<\/td>\n<td style=\"text-align: center;\">300<\/td>\n<td style=\"text-align: center;\">0.19<\/td>\n<\/tr>\n<tr>\n<th colspan=\"2\"><\/th>\n<td style=\"text-align: center;\">500<\/td>\n<td style=\"text-align: center;\">0.202<\/td>\n<td style=\"text-align: center;\">500<\/td>\n<td style=\"text-align: center;\">0.2<\/td>\n<\/tr>\n<tr>\n<td style=\"text-align: center;\" colspan=\"2\"><\/td>\n<td style=\"text-align: center;\">700<\/td>\n<td style=\"text-align: center;\">0.202<\/td>\n<td style=\"text-align: center;\">700<\/td>\n<td style=\"text-align: center;\">0.2<\/td>\n<\/tr>\n<tr>\n<td style=\"text-align: center;\">Contracci\u00f3n t\u00e9rmica despu\u00e9s de 24 hrs. 750\u00b0C<\/td>\n<td style=\"text-align: center;\">% Lineal<\/td>\n<td style=\"text-align: center;\" colspan=\"4\">0.21<\/td>\n<\/tr>\n<tr>\n<td style=\"text-align: center;\" colspan=\"1\"><\/td>\n<td style=\"text-align: center;\">% Espesor<\/td>\n<td style=\"text-align: center;\" colspan=\"4\">1.37<\/td>\n<\/tr>\n<\/tbody>\n<\/table>\n<\/div>\n<div class=\"fusion-clearfix\"><\/div><\/div><\/div><\/div><\/div>\n","protected":false},"excerpt":{"rendered":"","protected":false},"author":10,"featured_media":0,"parent":0,"menu_order":0,"comment_status":"closed","ping_status":"closed","template":"","meta":{"footnotes":""},"class_list":["post-19037","page","type-page","status-publish","hentry"],"yoast_head":"<!-- This site is optimized with the Yoast SEO plugin v27.4 - https:\/\/yoast.com\/product\/yoast-seo-wordpress\/ -->\n<title>Cer\u00e1mica - GES AGM<\/title>\n<meta name=\"robots\" content=\"index, follow, max-snippet:-1, max-image-preview:large, max-video-preview:-1\" \/>\n<link rel=\"canonical\" href=\"https:\/\/ges-agm.com\/ceramica\/\" \/>\n<meta property=\"og:locale\" content=\"en_US\" \/>\n<meta property=\"og:type\" content=\"article\" \/>\n<meta property=\"og:title\" content=\"Cer\u00e1mica - GES AGM\" \/>\n<meta property=\"og:url\" content=\"https:\/\/ges-agm.com\/es\/ceramica\/\" \/>\n<meta property=\"og:site_name\" content=\"GES AGM\" \/>\n<meta property=\"article:modified_time\" content=\"2019-02-03T19:19:30+00:00\" \/>\n<meta name=\"twitter:card\" content=\"summary_large_image\" \/>\n<meta name=\"twitter:label1\" content=\"Est. reading time\" \/>\n\t<meta name=\"twitter:data1\" content=\"2 minutes\" \/>\n<script type=\"application\/ld+json\" class=\"yoast-schema-graph\">{\"@context\":\"https:\\\/\\\/schema.org\",\"@graph\":[{\"@type\":\"WebPage\",\"@id\":\"https:\\\/\\\/ges-agm.com\\\/es\\\/ceramica\\\/\",\"url\":\"https:\\\/\\\/ges-agm.com\\\/es\\\/ceramica\\\/\",\"name\":\"Cer\u00e1mica - GES AGM\",\"isPartOf\":{\"@id\":\"https:\\\/\\\/ges-agm.com\\\/#website\"},\"datePublished\":\"2019-02-03T19:19:28+00:00\",\"dateModified\":\"2019-02-03T19:19:30+00:00\",\"breadcrumb\":{\"@id\":\"https:\\\/\\\/ges-agm.com\\\/es\\\/ceramica\\\/#breadcrumb\"},\"inLanguage\":\"en-US\",\"potentialAction\":[{\"@type\":\"ReadAction\",\"target\":[\"https:\\\/\\\/ges-agm.com\\\/es\\\/ceramica\\\/\"]}]},{\"@type\":\"BreadcrumbList\",\"@id\":\"https:\\\/\\\/ges-agm.com\\\/es\\\/ceramica\\\/#breadcrumb\",\"itemListElement\":[{\"@type\":\"ListItem\",\"position\":1,\"name\":\"Home\",\"item\":\"https:\\\/\\\/ges-agm.com\\\/\"},{\"@type\":\"ListItem\",\"position\":2,\"name\":\"Cer\u00e1mica\"}]},{\"@type\":\"WebSite\",\"@id\":\"https:\\\/\\\/ges-agm.com\\\/#website\",\"url\":\"https:\\\/\\\/ges-agm.com\\\/\",\"name\":\"GES AGM\",\"description\":\"\",\"potentialAction\":[{\"@type\":\"SearchAction\",\"target\":{\"@type\":\"EntryPoint\",\"urlTemplate\":\"https:\\\/\\\/ges-agm.com\\\/?s={search_term_string}\"},\"query-input\":{\"@type\":\"PropertyValueSpecification\",\"valueRequired\":true,\"valueName\":\"search_term_string\"}}],\"inLanguage\":\"en-US\"}]}<\/script>\n<!-- \/ Yoast SEO plugin. -->","yoast_head_json":{"title":"Cer\u00e1mica - GES AGM","robots":{"index":"index","follow":"follow","max-snippet":"max-snippet:-1","max-image-preview":"max-image-preview:large","max-video-preview":"max-video-preview:-1"},"canonical":"https:\/\/ges-agm.com\/ceramica\/","og_locale":"en_US","og_type":"article","og_title":"Cer\u00e1mica - GES AGM","og_url":"https:\/\/ges-agm.com\/es\/ceramica\/","og_site_name":"GES AGM","article_modified_time":"2019-02-03T19:19:30+00:00","twitter_card":"summary_large_image","twitter_misc":{"Est. reading time":"2 minutes"},"schema":{"@context":"https:\/\/schema.org","@graph":[{"@type":"WebPage","@id":"https:\/\/ges-agm.com\/es\/ceramica\/","url":"https:\/\/ges-agm.com\/es\/ceramica\/","name":"Cer\u00e1mica - GES AGM","isPartOf":{"@id":"https:\/\/ges-agm.com\/#website"},"datePublished":"2019-02-03T19:19:28+00:00","dateModified":"2019-02-03T19:19:30+00:00","breadcrumb":{"@id":"https:\/\/ges-agm.com\/es\/ceramica\/#breadcrumb"},"inLanguage":"en-US","potentialAction":[{"@type":"ReadAction","target":["https:\/\/ges-agm.com\/es\/ceramica\/"]}]},{"@type":"BreadcrumbList","@id":"https:\/\/ges-agm.com\/es\/ceramica\/#breadcrumb","itemListElement":[{"@type":"ListItem","position":1,"name":"Home","item":"https:\/\/ges-agm.com\/"},{"@type":"ListItem","position":2,"name":"Cer\u00e1mica"}]},{"@type":"WebSite","@id":"https:\/\/ges-agm.com\/#website","url":"https:\/\/ges-agm.com\/","name":"GES AGM","description":"","potentialAction":[{"@type":"SearchAction","target":{"@type":"EntryPoint","urlTemplate":"https:\/\/ges-agm.com\/?s={search_term_string}"},"query-input":{"@type":"PropertyValueSpecification","valueRequired":true,"valueName":"search_term_string"}}],"inLanguage":"en-US"}]}},"_links":{"self":[{"href":"https:\/\/ges-agm.com\/es\/wp-json\/wp\/v2\/pages\/19037\/"}],"collection":[{"href":"https:\/\/ges-agm.com\/es\/wp-json\/wp\/v2\/pages\/"}],"about":[{"href":"https:\/\/ges-agm.com\/es\/wp-json\/wp\/v2\/types\/page\/"}],"author":[{"embeddable":true,"href":"https:\/\/ges-agm.com\/es\/wp-json\/wp\/v2\/users\/10\/"}],"replies":[{"embeddable":true,"href":"https:\/\/ges-agm.com\/es\/wp-json\/wp\/v2\/comments\/?post=19037"}],"version-history":[{"count":0,"href":"https:\/\/ges-agm.com\/es\/wp-json\/wp\/v2\/pages\/19037\/revisions\/"}],"wp:attachment":[{"href":"https:\/\/ges-agm.com\/es\/wp-json\/wp\/v2\/media\/?parent=19037"}],"curies":[{"name":"wp","href":"https:\/\/api.w.org\/{rel}","templated":true}]}}